{"id":684,"date":"2024-03-28T08:55:32","date_gmt":"2024-03-28T08:55:32","guid":{"rendered":"https:\/\/bobackfbk.fi\/?page_id=684"},"modified":"2024-03-28T09:01:20","modified_gmt":"2024-03-28T09:01:20","slug":"tukiosasto","status":"publish","type":"page","link":"https:\/\/bobackfbk.fi\/sv\/tukiosasto\/","title":{"rendered":"St\u00f6davdelningen"},"content":{"rendered":"<h2>St\u00f6davdelningen<\/h2>\n\n\n\n\n\n\n<p>St\u00f6davdelningens syfte \u00e4r att v\u00e4cka och uppmuntra till en positiv inst\u00e4llning till brands\u00e4kerhet, allm\u00e4n trygghet och till beredskap b\u00e5de i normal- och undantagsl\u00e4ge samt att sprida kunskap inom dessa omr\u00e5den till allm\u00e4nheten. St\u00f6davdelningen verkar som en st\u00f6dfunktion och dess uppgifter best\u00e5r bl.a. av att delta i s\u00e4kerhetskommunikation, att arrangera brandk\u00e5rens sommarcaf\u00e9verksamhet samt att sk\u00f6ta f\u00f6rpl\u00e4gning vid brandk\u00e5rens tillst\u00e4llningar. St\u00f6davdelningen sammantr\u00e4der ca 5 g\u00e5nger i \u00e5ret. Till st\u00f6davdelningen h\u00f6r \u00e4ven k\u00e5rens veteraner. Avdelningen erbjuder veteranerna att uppr\u00e4tth\u00e5lla traditionerna inom brandk\u00e5rsverksamheten och att erbjuda veteranerna en m\u00f6jlighet till gemensamma aktiviteter. Dessutom deltar veteranavdelningen i arrangemangen kring sommarcaf\u00e9et. Veteranerna deltar inte l\u00e4ngre i den operativa verksamheten, men sysslar med brandk\u00e5rsrelaterad rekreations- och bist\u00e5ndsaktiviteter.<br><br>Alla \u00e4r v\u00e4lkomna med, kontakta g\u00e4rna st\u00f6davdelningens ledare!<br><br>St\u00f6davdelningens ledare \u00e4r Tina Mustonen, e-mail <a href=\"mailto:tukiosasto@bobackfbk.fi\" target=\"_blank\" rel=\"noreferrer noopener\">tukiosasto@bobackfbk.fi<\/a><\/p>","protected":false},"excerpt":{"rendered":"","protected":false},"author":3,"featured_media":0,"parent":0,"menu_order":0,"comment_status":"closed","ping_status":"closed","template":"","meta":{"pagelayer_contact_templates":[],"_pagelayer_content":"","footnotes":""},"class_list":["post-684","page","type-page","status-publish","hentry"],"yoast_head":"<!-- This site is optimized with the Yoast SEO plugin v25.4 - https:\/\/yoast.com\/wordpress\/plugins\/seo\/ -->\n<title>Tukiosasto - Bob\u00e4ck FBK<\/title>\n<meta name=\"robots\" content=\"index, follow, max-snippet:-1, max-image-preview:large, max-video-preview:-1\" \/>\n<link rel=\"canonical\" href=\"https:\/\/bobackfbk.fi\/sv\/tukiosasto\/\" \/>\n<meta property=\"og:locale\" content=\"sv_SE\" \/>\n<meta property=\"og:type\" content=\"article\" \/>\n<meta property=\"og:title\" content=\"Tukiosasto - Bob\u00e4ck FBK\" \/>\n<meta property=\"og:url\" content=\"https:\/\/bobackfbk.fi\/sv\/tukiosasto\/\" \/>\n<meta property=\"og:site_name\" content=\"Bob\u00e4ck FBK\" \/>\n<meta property=\"article:publisher\" content=\"https:\/\/www.facebook.com\/RLU46\" \/>\n<meta property=\"article:modified_time\" content=\"2024-03-28T09:01:20+00:00\" \/>\n<meta name=\"twitter:card\" content=\"summary_large_image\" \/>\n<meta name=\"twitter:label1\" content=\"Ber\u00e4knad l\u00e4stid\" \/>\n\t<meta name=\"twitter:data1\" content=\"1 minut\" \/>\n<script type=\"application\/ld+json\" class=\"yoast-schema-graph\">{\"@context\":\"https:\/\/schema.org\",\"@graph\":[{\"@type\":\"WebPage\",\"@id\":\"https:\/\/bobackfbk.fi\/fi\/tukiosasto\/\",\"url\":\"https:\/\/bobackfbk.fi\/fi\/tukiosasto\/\",\"name\":\"Tukiosasto - Bob\u00e4ck FBK\",\"isPartOf\":{\"@id\":\"https:\/\/bobackfbk.fi\/fi\/#website\"},\"datePublished\":\"2024-03-28T08:55:32+00:00\",\"dateModified\":\"2024-03-28T09:01:20+00:00\",\"breadcrumb\":{\"@id\":\"https:\/\/bobackfbk.fi\/fi\/tukiosasto\/#breadcrumb\"},\"inLanguage\":\"sv-SE\",\"potentialAction\":[{\"@type\":\"ReadAction\",\"target\":[\"https:\/\/bobackfbk.fi\/fi\/tukiosasto\/\"]}]},{\"@type\":\"BreadcrumbList\",\"@id\":\"https:\/\/bobackfbk.fi\/fi\/tukiosasto\/#breadcrumb\",\"itemListElement\":[{\"@type\":\"ListItem\",\"position\":1,\"name\":\"Etusivu\",\"item\":\"https:\/\/bobackfbk.fi\/fi\/\"},{\"@type\":\"ListItem\",\"position\":2,\"name\":\"Tukiosasto\"}]},{\"@type\":\"WebSite\",\"@id\":\"https:\/\/bobackfbk.fi\/fi\/#website\",\"url\":\"https:\/\/bobackfbk.fi\/fi\/\",\"name\":\"Bob\u00e4ck FBK\",\"description\":\"Bob\u00e4ck FBK\",\"publisher\":{\"@id\":\"https:\/\/bobackfbk.fi\/fi\/#organization\"},\"potentialAction\":[{\"@type\":\"SearchAction\",\"target\":{\"@type\":\"EntryPoint\",\"urlTemplate\":\"https:\/\/bobackfbk.fi\/fi\/?s={search_term_string}\"},\"query-input\":{\"@type\":\"PropertyValueSpecification\",\"valueRequired\":true,\"valueName\":\"search_term_string\"}}],\"inLanguage\":\"sv-SE\"},{\"@type\":\"Organization\",\"@id\":\"https:\/\/bobackfbk.fi\/fi\/#organization\",\"name\":\"Bob\u00e4ck FBK\",\"url\":\"https:\/\/bobackfbk.fi\/fi\/\",\"logo\":{\"@type\":\"ImageObject\",\"inLanguage\":\"sv-SE\",\"@id\":\"https:\/\/bobackfbk.fi\/fi\/#\/schema\/logo\/image\/\",\"url\":\"https:\/\/bobackfbk.fi\/wp-content\/uploads\/2023\/04\/logo-latest-version.png\",\"contentUrl\":\"https:\/\/bobackfbk.fi\/wp-content\/uploads\/2023\/04\/logo-latest-version.png\",\"width\":617,\"height\":803,\"caption\":\"Bob\u00e4ck FBK\"},\"image\":{\"@id\":\"https:\/\/bobackfbk.fi\/fi\/#\/schema\/logo\/image\/\"},\"sameAs\":[\"https:\/\/www.facebook.com\/RLU46\",\"https:\/\/www.instagram.com\/bobackfbk\/\"]}]}<\/script>\n<!-- \/ Yoast SEO plugin. -->","yoast_head_json":{"title":"Tukiosasto - Bob\u00e4ck FBK","robots":{"index":"index","follow":"follow","max-snippet":"max-snippet:-1","max-image-preview":"max-image-preview:large","max-video-preview":"max-video-preview:-1"},"canonical":"https:\/\/bobackfbk.fi\/sv\/tukiosasto\/","og_locale":"sv_SE","og_type":"article","og_title":"Tukiosasto - Bob\u00e4ck FBK","og_url":"https:\/\/bobackfbk.fi\/sv\/tukiosasto\/","og_site_name":"Bob\u00e4ck FBK","article_publisher":"https:\/\/www.facebook.com\/RLU46","article_modified_time":"2024-03-28T09:01:20+00:00","twitter_card":"summary_large_image","twitter_misc":{"Ber\u00e4knad l\u00e4stid":"1 minut"},"schema":{"@context":"https:\/\/schema.org","@graph":[{"@type":"WebPage","@id":"https:\/\/bobackfbk.fi\/fi\/tukiosasto\/","url":"https:\/\/bobackfbk.fi\/fi\/tukiosasto\/","name":"Tukiosasto - Bob\u00e4ck FBK","isPartOf":{"@id":"https:\/\/bobackfbk.fi\/fi\/#website"},"datePublished":"2024-03-28T08:55:32+00:00","dateModified":"2024-03-28T09:01:20+00:00","breadcrumb":{"@id":"https:\/\/bobackfbk.fi\/fi\/tukiosasto\/#breadcrumb"},"inLanguage":"sv-SE","potentialAction":[{"@type":"ReadAction","target":["https:\/\/bobackfbk.fi\/fi\/tukiosasto\/"]}]},{"@type":"BreadcrumbList","@id":"https:\/\/bobackfbk.fi\/fi\/tukiosasto\/#breadcrumb","itemListElement":[{"@type":"ListItem","position":1,"name":"Etusivu","item":"https:\/\/bobackfbk.fi\/fi\/"},{"@type":"ListItem","position":2,"name":"Tukiosasto"}]},{"@type":"WebSite","@id":"https:\/\/bobackfbk.fi\/fi\/#website","url":"https:\/\/bobackfbk.fi\/fi\/","name":"Bob\u00e4ck FBK","description":"Bob\u00e4ck FBK","publisher":{"@id":"https:\/\/bobackfbk.fi\/fi\/#organization"},"potentialAction":[{"@type":"SearchAction","target":{"@type":"EntryPoint","urlTemplate":"https:\/\/bobackfbk.fi\/fi\/?s={search_term_string}"},"query-input":{"@type":"PropertyValueSpecification","valueRequired":true,"valueName":"search_term_string"}}],"inLanguage":"sv-SE"},{"@type":"Organization","@id":"https:\/\/bobackfbk.fi\/fi\/#organization","name":"Bob\u00e4ck FBK","url":"https:\/\/bobackfbk.fi\/fi\/","logo":{"@type":"ImageObject","inLanguage":"sv-SE","@id":"https:\/\/bobackfbk.fi\/fi\/#\/schema\/logo\/image\/","url":"https:\/\/bobackfbk.fi\/wp-content\/uploads\/2023\/04\/logo-latest-version.png","contentUrl":"https:\/\/bobackfbk.fi\/wp-content\/uploads\/2023\/04\/logo-latest-version.png","width":617,"height":803,"caption":"Bob\u00e4ck FBK"},"image":{"@id":"https:\/\/bobackfbk.fi\/fi\/#\/schema\/logo\/image\/"},"sameAs":["https:\/\/www.facebook.com\/RLU46","https:\/\/www.instagram.com\/bobackfbk\/"]}]}},"_links":{"self":[{"href":"https:\/\/bobackfbk.fi\/sv\/wp-json\/wp\/v2\/pages\/684","targetHints":{"allow":["GET"]}}],"collection":[{"href":"https:\/\/bobackfbk.fi\/sv\/wp-json\/wp\/v2\/pages"}],"about":[{"href":"https:\/\/bobackfbk.fi\/sv\/wp-json\/wp\/v2\/types\/page"}],"author":[{"embeddable":true,"href":"https:\/\/bobackfbk.fi\/sv\/wp-json\/wp\/v2\/users\/3"}],"replies":[{"embeddable":true,"href":"https:\/\/bobackfbk.fi\/sv\/wp-json\/wp\/v2\/comments?post=684"}],"version-history":[{"count":2,"href":"https:\/\/bobackfbk.fi\/sv\/wp-json\/wp\/v2\/pages\/684\/revisions"}],"predecessor-version":[{"id":689,"href":"https:\/\/bobackfbk.fi\/sv\/wp-json\/wp\/v2\/pages\/684\/revisions\/689"}],"wp:attachment":[{"href":"https:\/\/bobackfbk.fi\/sv\/wp-json\/wp\/v2\/media?parent=684"}],"curies":[{"name":"wp","href":"https:\/\/api.w.org\/{rel}","templated":true}]}}