{"id":22,"date":"2023-03-30T10:49:28","date_gmt":"2023-03-30T10:49:28","guid":{"rendered":"https:\/\/bobackfbk.fi\/wp\/about\/"},"modified":"2023-04-19T18:56:55","modified_gmt":"2023-04-19T18:56:55","slug":"historia","status":"publish","type":"page","link":"https:\/\/bobackfbk.fi\/sv\/historia\/","title":{"rendered":"Historik"},"content":{"rendered":"<h2>Historik<\/h2>\n\n\n\n\n\n<p class=\"translation-block\">Bob\u00e4ck FBK r.f.<br><br>\nEfter en f\u00f6r\u00f6dande husbrand i Bob\u00e4ck besl\u00f6t man \u00e5r 1947 att i byn grunda en frivillig brandk\u00e5r. En betydande del av Bob\u00e4ck hade ett par \u00e5r tidigare g\u00e5tt f\u00f6rlorat som en del av Porkala-omr\u00e5det. Detta innebar ocks\u00e5 att de brandk\u00e5rer som hade funnits i Masaby och Jorvas upph\u00f6rde med sin\nverksamhet.\n<br><br>\nEntusiasmen f\u00f6r den nya brandk\u00e5ren var stor och det f\u00f6rsta landm\u00e4rket blev dep\u00e5byggnaden vars f\u00f6rsta del blev f\u00e4rdig \u00e5r 1950. Dep\u00e5n byggdes p\u00e5 en hyrestomt, som k\u00e5ren \u00e5r 1961 kunde k\u00f6pa. Den \u00f6vriga utrustningen var blygsam och bestod till en b\u00f6rjan av en motorspruta, som tidigare hade\nfunnits i Jorvas. K\u00e5ren hade i detta skede ingen egen bil, utan man var tvungen att anv\u00e4nda l\u00e5nebil. Kommunens ekonomi var anstr\u00e4ngd, s\u00e5 inga st\u00f6rre bidrag kunde f\u00e5s d\u00e4rifr\u00e5n. Den medelanskaffning\nsom var livsviktig f\u00f6r k\u00e5ren sk\u00f6ttes mest genom insamlingar, lotterier och fester. Kommunen kunde\nbevilja ett l\u00e5n och k\u00e5ren k\u00f6pte \u00e5r 1954 sin f\u00f6rsta bil \u2013 en lastbil av m\u00e4rket Thames. <br><br>\n\u00c5terb\u00f6rdandet av Porkala-omr\u00e5det \u00e5r 1956 innebar att k\u00e5rens verksamhetsomr\u00e5de v\u00e4xte v\u00e4sentligt.<br><br>\nI slutet av 1950-talet grundades s\u00e5v\u00e4l k\u00e5rens damavdelning som pojkavdelningen (senare\njunioravdelning och nu ungdomsavdelning). Damavdelningen gjorde en beundransv\u00e4rd insats g\u00e4llande medelanskaffning och f\u00f6rpl\u00e4gning vid st\u00f6rre tillbud. Avsikten med ungdomsavdelningen var och \u00e4r att s\u00e4kerst\u00e4lla k\u00e5rens \u00e5terv\u00e4xt.<br><br><\/p><p class=\"translation-block\">K\u00e5rens ekonomi har tidvis varit utmanade, speciellt vid st\u00f6rre investeringar. Tillbyggnader p\u00e5 dep\u00e5n\noch anskaffningen av en helt ny modern brandbil 1967 har varit jobbiga men tillika stimulerande f\u00f6r\nverksamheten. K\u00e5rens bilpark sk\u00f6ts numera av R\u00e4ddningsverket och betungar inte den enskilda\nk\u00e5ren.<br><br>\n\nVerksamheten var v\u00e4ldigt kommunbunden \u00e4nda fram till grundandet av de regionala\nr\u00e4ddningsverken i b\u00f6rjan av 2000-talet. Kyrksl\u00e4tt var l\u00e4nge helt beroende av de frivilliga brandk\u00e5rer\nsom verkade i kommunen. F\u00f6rst \u00f6vergick kyrksl\u00e4ttk\u00e5rerna till Esbo Stads brandverk och \u00e5r 2008 sl\u00f6ts\nsamarbetsavtal med V\u00e4stra Nylands R\u00e4ddningsverk (VNR). Kommungr\u00e4nserna suddades ut och st\u00f6rre resurser fanns tillg\u00e4ngliga t.ex. vid tillbud i Kyrksl\u00e4tt.<br><br>\n\nNu talar man om avtalsbrandk\u00e5rer. Avtalen \u00e4r individuella f\u00f6r varje k\u00e5r och inneh\u00e5ller strikta krav p\u00e5\nkompetens och p\u00e5litlighet. Kraven p\u00e5 manskapet \u00f6kar fr\u00e5n \u00e5r till \u00e5r.<\/p>","protected":false},"excerpt":{"rendered":"","protected":false},"author":1,"featured_media":0,"parent":0,"menu_order":0,"comment_status":"closed","ping_status":"closed","template":"","meta":{"pagelayer_contact_templates":[],"_pagelayer_content":"","footnotes":""},"class_list":["post-22","page","type-page","status-publish","hentry"],"yoast_head":"<!-- This site is optimized with the Yoast SEO plugin v25.4 - https:\/\/yoast.com\/wordpress\/plugins\/seo\/ -->\n<title>Historia - Bob\u00e4ck FBK<\/title>\n<meta name=\"robots\" content=\"index, follow, max-snippet:-1, max-image-preview:large, max-video-preview:-1\" \/>\n<link rel=\"canonical\" href=\"https:\/\/bobackfbk.fi\/sv\/historia\/\" \/>\n<meta property=\"og:locale\" content=\"sv_SE\" \/>\n<meta property=\"og:type\" content=\"article\" \/>\n<meta property=\"og:title\" content=\"Historia - Bob\u00e4ck FBK\" \/>\n<meta property=\"og:url\" content=\"https:\/\/bobackfbk.fi\/sv\/historia\/\" \/>\n<meta property=\"og:site_name\" content=\"Bob\u00e4ck FBK\" \/>\n<meta property=\"article:publisher\" content=\"https:\/\/www.facebook.com\/RLU46\" \/>\n<meta property=\"article:modified_time\" content=\"2023-04-19T18:56:55+00:00\" \/>\n<meta name=\"twitter:card\" content=\"summary_large_image\" \/>\n<meta name=\"twitter:label1\" content=\"Ber\u00e4knad l\u00e4stid\" \/>\n\t<meta name=\"twitter:data1\" content=\"1 minut\" \/>\n<script type=\"application\/ld+json\" class=\"yoast-schema-graph\">{\"@context\":\"https:\/\/schema.org\",\"@graph\":[{\"@type\":\"WebPage\",\"@id\":\"https:\/\/bobackfbk.fi\/fi\/historia\/\",\"url\":\"https:\/\/bobackfbk.fi\/fi\/historia\/\",\"name\":\"Historia - Bob\u00e4ck FBK\",\"isPartOf\":{\"@id\":\"https:\/\/bobackfbk.fi\/fi\/#website\"},\"datePublished\":\"2023-03-30T10:49:28+00:00\",\"dateModified\":\"2023-04-19T18:56:55+00:00\",\"breadcrumb\":{\"@id\":\"https:\/\/bobackfbk.fi\/fi\/historia\/#breadcrumb\"},\"inLanguage\":\"sv-SE\",\"potentialAction\":[{\"@type\":\"ReadAction\",\"target\":[\"https:\/\/bobackfbk.fi\/fi\/historia\/\"]}]},{\"@type\":\"BreadcrumbList\",\"@id\":\"https:\/\/bobackfbk.fi\/fi\/historia\/#breadcrumb\",\"itemListElement\":[{\"@type\":\"ListItem\",\"position\":1,\"name\":\"Etusivu\",\"item\":\"https:\/\/bobackfbk.fi\/fi\/\"},{\"@type\":\"ListItem\",\"position\":2,\"name\":\"Historia\"}]},{\"@type\":\"WebSite\",\"@id\":\"https:\/\/bobackfbk.fi\/fi\/#website\",\"url\":\"https:\/\/bobackfbk.fi\/fi\/\",\"name\":\"Bob\u00e4ck FBK\",\"description\":\"Bob\u00e4ck FBK\",\"publisher\":{\"@id\":\"https:\/\/bobackfbk.fi\/fi\/#organization\"},\"potentialAction\":[{\"@type\":\"SearchAction\",\"target\":{\"@type\":\"EntryPoint\",\"urlTemplate\":\"https:\/\/bobackfbk.fi\/fi\/?s={search_term_string}\"},\"query-input\":{\"@type\":\"PropertyValueSpecification\",\"valueRequired\":true,\"valueName\":\"search_term_string\"}}],\"inLanguage\":\"sv-SE\"},{\"@type\":\"Organization\",\"@id\":\"https:\/\/bobackfbk.fi\/fi\/#organization\",\"name\":\"Bob\u00e4ck FBK\",\"url\":\"https:\/\/bobackfbk.fi\/fi\/\",\"logo\":{\"@type\":\"ImageObject\",\"inLanguage\":\"sv-SE\",\"@id\":\"https:\/\/bobackfbk.fi\/fi\/#\/schema\/logo\/image\/\",\"url\":\"https:\/\/bobackfbk.fi\/wp-content\/uploads\/2023\/04\/logo-latest-version.png\",\"contentUrl\":\"https:\/\/bobackfbk.fi\/wp-content\/uploads\/2023\/04\/logo-latest-version.png\",\"width\":617,\"height\":803,\"caption\":\"Bob\u00e4ck FBK\"},\"image\":{\"@id\":\"https:\/\/bobackfbk.fi\/fi\/#\/schema\/logo\/image\/\"},\"sameAs\":[\"https:\/\/www.facebook.com\/RLU46\",\"https:\/\/www.instagram.com\/bobackfbk\/\"]}]}<\/script>\n<!-- \/ Yoast SEO plugin. -->","yoast_head_json":{"title":"Historia - Bob\u00e4ck FBK","robots":{"index":"index","follow":"follow","max-snippet":"max-snippet:-1","max-image-preview":"max-image-preview:large","max-video-preview":"max-video-preview:-1"},"canonical":"https:\/\/bobackfbk.fi\/sv\/historia\/","og_locale":"sv_SE","og_type":"article","og_title":"Historia - Bob\u00e4ck FBK","og_url":"https:\/\/bobackfbk.fi\/sv\/historia\/","og_site_name":"Bob\u00e4ck FBK","article_publisher":"https:\/\/www.facebook.com\/RLU46","article_modified_time":"2023-04-19T18:56:55+00:00","twitter_card":"summary_large_image","twitter_misc":{"Ber\u00e4knad l\u00e4stid":"1 minut"},"schema":{"@context":"https:\/\/schema.org","@graph":[{"@type":"WebPage","@id":"https:\/\/bobackfbk.fi\/fi\/historia\/","url":"https:\/\/bobackfbk.fi\/fi\/historia\/","name":"Historia - Bob\u00e4ck FBK","isPartOf":{"@id":"https:\/\/bobackfbk.fi\/fi\/#website"},"datePublished":"2023-03-30T10:49:28+00:00","dateModified":"2023-04-19T18:56:55+00:00","breadcrumb":{"@id":"https:\/\/bobackfbk.fi\/fi\/historia\/#breadcrumb"},"inLanguage":"sv-SE","potentialAction":[{"@type":"ReadAction","target":["https:\/\/bobackfbk.fi\/fi\/historia\/"]}]},{"@type":"BreadcrumbList","@id":"https:\/\/bobackfbk.fi\/fi\/historia\/#breadcrumb","itemListElement":[{"@type":"ListItem","position":1,"name":"Etusivu","item":"https:\/\/bobackfbk.fi\/fi\/"},{"@type":"ListItem","position":2,"name":"Historia"}]},{"@type":"WebSite","@id":"https:\/\/bobackfbk.fi\/fi\/#website","url":"https:\/\/bobackfbk.fi\/fi\/","name":"Bob\u00e4ck FBK","description":"Bob\u00e4ck FBK","publisher":{"@id":"https:\/\/bobackfbk.fi\/fi\/#organization"},"potentialAction":[{"@type":"SearchAction","target":{"@type":"EntryPoint","urlTemplate":"https:\/\/bobackfbk.fi\/fi\/?s={search_term_string}"},"query-input":{"@type":"PropertyValueSpecification","valueRequired":true,"valueName":"search_term_string"}}],"inLanguage":"sv-SE"},{"@type":"Organization","@id":"https:\/\/bobackfbk.fi\/fi\/#organization","name":"Bob\u00e4ck FBK","url":"https:\/\/bobackfbk.fi\/fi\/","logo":{"@type":"ImageObject","inLanguage":"sv-SE","@id":"https:\/\/bobackfbk.fi\/fi\/#\/schema\/logo\/image\/","url":"https:\/\/bobackfbk.fi\/wp-content\/uploads\/2023\/04\/logo-latest-version.png","contentUrl":"https:\/\/bobackfbk.fi\/wp-content\/uploads\/2023\/04\/logo-latest-version.png","width":617,"height":803,"caption":"Bob\u00e4ck FBK"},"image":{"@id":"https:\/\/bobackfbk.fi\/fi\/#\/schema\/logo\/image\/"},"sameAs":["https:\/\/www.facebook.com\/RLU46","https:\/\/www.instagram.com\/bobackfbk\/"]}]}},"_links":{"self":[{"href":"https:\/\/bobackfbk.fi\/sv\/wp-json\/wp\/v2\/pages\/22","targetHints":{"allow":["GET"]}}],"collection":[{"href":"https:\/\/bobackfbk.fi\/sv\/wp-json\/wp\/v2\/pages"}],"about":[{"href":"https:\/\/bobackfbk.fi\/sv\/wp-json\/wp\/v2\/types\/page"}],"author":[{"embeddable":true,"href":"https:\/\/bobackfbk.fi\/sv\/wp-json\/wp\/v2\/users\/1"}],"replies":[{"embeddable":true,"href":"https:\/\/bobackfbk.fi\/sv\/wp-json\/wp\/v2\/comments?post=22"}],"version-history":[{"count":8,"href":"https:\/\/bobackfbk.fi\/sv\/wp-json\/wp\/v2\/pages\/22\/revisions"}],"predecessor-version":[{"id":623,"href":"https:\/\/bobackfbk.fi\/sv\/wp-json\/wp\/v2\/pages\/22\/revisions\/623"}],"wp:attachment":[{"href":"https:\/\/bobackfbk.fi\/sv\/wp-json\/wp\/v2\/media?parent=22"}],"curies":[{"name":"wp","href":"https:\/\/api.w.org\/{rel}","templated":true}]}}