{"id":125,"date":"2023-04-08T14:21:39","date_gmt":"2023-04-08T14:21:39","guid":{"rendered":"https:\/\/bobackfbk.fi\/wp\/?page_id=125"},"modified":"2023-04-21T18:40:38","modified_gmt":"2023-04-21T18:40:38","slug":"nuoriso-osasto","status":"publish","type":"page","link":"https:\/\/bobackfbk.fi\/sv\/nuoriso-osasto\/","title":{"rendered":"Ungdomsavdelningen"},"content":{"rendered":"<h2>Ungdomsavdelningen<\/h2>\n<p>Ungdomsavdelningen \u00e4r avsedd f\u00f6r unga i \u00e5ldern 10-18 \u00e5r. P\u00e5 \u00f6vningarna bekantar man sig\nmed brandk\u00e5rsverksamheten genom att \u00f6va olika f\u00e4rdigheter och genom att ha skoj\ntillsammans. I ungdomsavdelningen l\u00e4r sig alla att agera tryggt i olika situationer. \u00d6vningarna\nh\u00e5lls p\u00e5 tisdagar kl. 18-19.30. Som utbildare fungerar personer fr\u00e5n v\u00e5r alarmavdelning.\nBrandk\u00e5ren st\u00e5r f\u00f6r \u00f6vningsutrustning best\u00e5ende av en tv\u00e5delad halare, hj\u00e4lm, st\u00f6vlar och\nhandskar. Ut\u00f6ver vecko\u00f6vningarna arrangeras olika evenemang med andra brandk\u00e5rer som\nt. ex. 24 h \u00f6vningar. D\u00e4rut\u00f6ver deltar ungdomarna i t\u00e4vlingar och i l\u00e4ger. \n<br><br>\nV\u00e5r ungdomsavdelning \u00e4r f\u00f6r n\u00e4rvarande fylld, men intresserade kan st\u00e4lla sig i k\u00f6 genom att\nkontakta ungdomsledaren!\n<br><br>\nV\u00e5r ungdomsledare heter Maria Selroos och hon kan n\u00e5s p\u00e5 e-mail\nnuorisojohtaja@bobackfbk.fi<\/p>","protected":false},"excerpt":{"rendered":"","protected":false},"author":1,"featured_media":0,"parent":0,"menu_order":0,"comment_status":"closed","ping_status":"closed","template":"","meta":{"pagelayer_contact_templates":[],"_pagelayer_content":"","footnotes":""},"class_list":["post-125","page","type-page","status-publish","hentry"],"yoast_head":"<!-- This site is optimized with the Yoast SEO plugin v25.4 - https:\/\/yoast.com\/wordpress\/plugins\/seo\/ -->\n<title>Nuoriso-osasto - Bob\u00e4ck FBK<\/title>\n<meta name=\"robots\" content=\"index, follow, max-snippet:-1, max-image-preview:large, max-video-preview:-1\" \/>\n<link rel=\"canonical\" href=\"https:\/\/bobackfbk.fi\/sv\/nuoriso-osasto\/\" \/>\n<meta property=\"og:locale\" content=\"sv_SE\" \/>\n<meta property=\"og:type\" content=\"article\" \/>\n<meta property=\"og:title\" content=\"Nuoriso-osasto - Bob\u00e4ck FBK\" \/>\n<meta property=\"og:url\" content=\"https:\/\/bobackfbk.fi\/sv\/nuoriso-osasto\/\" \/>\n<meta property=\"og:site_name\" content=\"Bob\u00e4ck FBK\" \/>\n<meta property=\"article:publisher\" content=\"https:\/\/www.facebook.com\/RLU46\" \/>\n<meta property=\"article:modified_time\" content=\"2023-04-21T18:40:38+00:00\" \/>\n<meta name=\"twitter:card\" content=\"summary_large_image\" \/>\n<script type=\"application\/ld+json\" class=\"yoast-schema-graph\">{\"@context\":\"https:\/\/schema.org\",\"@graph\":[{\"@type\":\"WebPage\",\"@id\":\"https:\/\/bobackfbk.fi\/fi\/nuoriso-osasto\/\",\"url\":\"https:\/\/bobackfbk.fi\/fi\/nuoriso-osasto\/\",\"name\":\"Nuoriso-osasto - Bob\u00e4ck FBK\",\"isPartOf\":{\"@id\":\"https:\/\/bobackfbk.fi\/fi\/#website\"},\"datePublished\":\"2023-04-08T14:21:39+00:00\",\"dateModified\":\"2023-04-21T18:40:38+00:00\",\"breadcrumb\":{\"@id\":\"https:\/\/bobackfbk.fi\/fi\/nuoriso-osasto\/#breadcrumb\"},\"inLanguage\":\"sv-SE\",\"potentialAction\":[{\"@type\":\"ReadAction\",\"target\":[\"https:\/\/bobackfbk.fi\/fi\/nuoriso-osasto\/\"]}]},{\"@type\":\"BreadcrumbList\",\"@id\":\"https:\/\/bobackfbk.fi\/fi\/nuoriso-osasto\/#breadcrumb\",\"itemListElement\":[{\"@type\":\"ListItem\",\"position\":1,\"name\":\"Etusivu\",\"item\":\"https:\/\/bobackfbk.fi\/fi\/\"},{\"@type\":\"ListItem\",\"position\":2,\"name\":\"Nuoriso-osasto\"}]},{\"@type\":\"WebSite\",\"@id\":\"https:\/\/bobackfbk.fi\/fi\/#website\",\"url\":\"https:\/\/bobackfbk.fi\/fi\/\",\"name\":\"Bob\u00e4ck FBK\",\"description\":\"Bob\u00e4ck FBK\",\"publisher\":{\"@id\":\"https:\/\/bobackfbk.fi\/fi\/#organization\"},\"potentialAction\":[{\"@type\":\"SearchAction\",\"target\":{\"@type\":\"EntryPoint\",\"urlTemplate\":\"https:\/\/bobackfbk.fi\/fi\/?s={search_term_string}\"},\"query-input\":{\"@type\":\"PropertyValueSpecification\",\"valueRequired\":true,\"valueName\":\"search_term_string\"}}],\"inLanguage\":\"sv-SE\"},{\"@type\":\"Organization\",\"@id\":\"https:\/\/bobackfbk.fi\/fi\/#organization\",\"name\":\"Bob\u00e4ck FBK\",\"url\":\"https:\/\/bobackfbk.fi\/fi\/\",\"logo\":{\"@type\":\"ImageObject\",\"inLanguage\":\"sv-SE\",\"@id\":\"https:\/\/bobackfbk.fi\/fi\/#\/schema\/logo\/image\/\",\"url\":\"https:\/\/bobackfbk.fi\/wp-content\/uploads\/2023\/04\/logo-latest-version.png\",\"contentUrl\":\"https:\/\/bobackfbk.fi\/wp-content\/uploads\/2023\/04\/logo-latest-version.png\",\"width\":617,\"height\":803,\"caption\":\"Bob\u00e4ck FBK\"},\"image\":{\"@id\":\"https:\/\/bobackfbk.fi\/fi\/#\/schema\/logo\/image\/\"},\"sameAs\":[\"https:\/\/www.facebook.com\/RLU46\",\"https:\/\/www.instagram.com\/bobackfbk\/\"]}]}<\/script>\n<!-- \/ Yoast SEO plugin. -->","yoast_head_json":{"title":"Nuoriso-osasto - Bob\u00e4ck FBK","robots":{"index":"index","follow":"follow","max-snippet":"max-snippet:-1","max-image-preview":"max-image-preview:large","max-video-preview":"max-video-preview:-1"},"canonical":"https:\/\/bobackfbk.fi\/sv\/nuoriso-osasto\/","og_locale":"sv_SE","og_type":"article","og_title":"Nuoriso-osasto - Bob\u00e4ck FBK","og_url":"https:\/\/bobackfbk.fi\/sv\/nuoriso-osasto\/","og_site_name":"Bob\u00e4ck FBK","article_publisher":"https:\/\/www.facebook.com\/RLU46","article_modified_time":"2023-04-21T18:40:38+00:00","twitter_card":"summary_large_image","schema":{"@context":"https:\/\/schema.org","@graph":[{"@type":"WebPage","@id":"https:\/\/bobackfbk.fi\/fi\/nuoriso-osasto\/","url":"https:\/\/bobackfbk.fi\/fi\/nuoriso-osasto\/","name":"Nuoriso-osasto - Bob\u00e4ck FBK","isPartOf":{"@id":"https:\/\/bobackfbk.fi\/fi\/#website"},"datePublished":"2023-04-08T14:21:39+00:00","dateModified":"2023-04-21T18:40:38+00:00","breadcrumb":{"@id":"https:\/\/bobackfbk.fi\/fi\/nuoriso-osasto\/#breadcrumb"},"inLanguage":"sv-SE","potentialAction":[{"@type":"ReadAction","target":["https:\/\/bobackfbk.fi\/fi\/nuoriso-osasto\/"]}]},{"@type":"BreadcrumbList","@id":"https:\/\/bobackfbk.fi\/fi\/nuoriso-osasto\/#breadcrumb","itemListElement":[{"@type":"ListItem","position":1,"name":"Etusivu","item":"https:\/\/bobackfbk.fi\/fi\/"},{"@type":"ListItem","position":2,"name":"Nuoriso-osasto"}]},{"@type":"WebSite","@id":"https:\/\/bobackfbk.fi\/fi\/#website","url":"https:\/\/bobackfbk.fi\/fi\/","name":"Bob\u00e4ck FBK","description":"Bob\u00e4ck FBK","publisher":{"@id":"https:\/\/bobackfbk.fi\/fi\/#organization"},"potentialAction":[{"@type":"SearchAction","target":{"@type":"EntryPoint","urlTemplate":"https:\/\/bobackfbk.fi\/fi\/?s={search_term_string}"},"query-input":{"@type":"PropertyValueSpecification","valueRequired":true,"valueName":"search_term_string"}}],"inLanguage":"sv-SE"},{"@type":"Organization","@id":"https:\/\/bobackfbk.fi\/fi\/#organization","name":"Bob\u00e4ck FBK","url":"https:\/\/bobackfbk.fi\/fi\/","logo":{"@type":"ImageObject","inLanguage":"sv-SE","@id":"https:\/\/bobackfbk.fi\/fi\/#\/schema\/logo\/image\/","url":"https:\/\/bobackfbk.fi\/wp-content\/uploads\/2023\/04\/logo-latest-version.png","contentUrl":"https:\/\/bobackfbk.fi\/wp-content\/uploads\/2023\/04\/logo-latest-version.png","width":617,"height":803,"caption":"Bob\u00e4ck FBK"},"image":{"@id":"https:\/\/bobackfbk.fi\/fi\/#\/schema\/logo\/image\/"},"sameAs":["https:\/\/www.facebook.com\/RLU46","https:\/\/www.instagram.com\/bobackfbk\/"]}]}},"_links":{"self":[{"href":"https:\/\/bobackfbk.fi\/sv\/wp-json\/wp\/v2\/pages\/125","targetHints":{"allow":["GET"]}}],"collection":[{"href":"https:\/\/bobackfbk.fi\/sv\/wp-json\/wp\/v2\/pages"}],"about":[{"href":"https:\/\/bobackfbk.fi\/sv\/wp-json\/wp\/v2\/types\/page"}],"author":[{"embeddable":true,"href":"https:\/\/bobackfbk.fi\/sv\/wp-json\/wp\/v2\/users\/1"}],"replies":[{"embeddable":true,"href":"https:\/\/bobackfbk.fi\/sv\/wp-json\/wp\/v2\/comments?post=125"}],"version-history":[{"count":13,"href":"https:\/\/bobackfbk.fi\/sv\/wp-json\/wp\/v2\/pages\/125\/revisions"}],"predecessor-version":[{"id":628,"href":"https:\/\/bobackfbk.fi\/sv\/wp-json\/wp\/v2\/pages\/125\/revisions\/628"}],"wp:attachment":[{"href":"https:\/\/bobackfbk.fi\/sv\/wp-json\/wp\/v2\/media?parent=125"}],"curies":[{"name":"wp","href":"https:\/\/api.w.org\/{rel}","templated":true}]}}