{"id":119,"date":"2023-04-08T14:21:07","date_gmt":"2023-04-08T14:21:07","guid":{"rendered":"https:\/\/bobackfbk.fi\/wp\/?page_id=119"},"modified":"2023-05-13T18:49:47","modified_gmt":"2023-05-13T18:49:47","slug":"naisosasto","status":"publish","type":"page","link":"https:\/\/bobackfbk.fi\/sv\/naisosasto\/","title":{"rendered":"Damavdelningen"},"content":{"rendered":"<h2>Damavdelningen<\/h2>\n\n\n\n\n<p>Damavdelningens syfte \u00e4r att v\u00e4cka och uppmuntra till en positiv inst\u00e4llning till\nbrands\u00e4kerhet, allm\u00e4n trygghet och till beredskap b\u00e5de i normal- och undantagsl\u00e4ge samt\natt sprida kunskap inom dessa omr\u00e5den till allm\u00e4nheten. Damavdelningen verkar som en\nst\u00f6dfunktion och dess uppgifter best\u00e5r bl.a. av att delta i s\u00e4kerhetskommunikation, att\narrangera brandk\u00e5rens sommarcaf\u00e9verksamhet samt att sk\u00f6ta f\u00f6rpl\u00e4gning vid brandk\u00e5rens\ntillst\u00e4llningar och delta i redskapst\u00e4vlingar. Damavdelningen sammantr\u00e4der m\u00e5nadens andra m\u00e5ndag kl. 19.\n<br><br>\nAlla \u00e4r v\u00e4lkomna med, kontakta g\u00e4rna damavdelningens ledare! \n<br><br>\nDamavdelningens ledare heter Paula Nyman, e-mail damerna@bobackfbk.com<\/p>","protected":false},"excerpt":{"rendered":"","protected":false},"author":1,"featured_media":0,"parent":0,"menu_order":0,"comment_status":"closed","ping_status":"closed","template":"","meta":{"pagelayer_contact_templates":[],"_pagelayer_content":"","footnotes":""},"class_list":["post-119","page","type-page","status-publish","hentry"],"yoast_head":"<!-- This site is optimized with the Yoast SEO plugin v25.4 - https:\/\/yoast.com\/wordpress\/plugins\/seo\/ -->\n<title>Naisosasto - Bob\u00e4ck FBK<\/title>\n<meta name=\"robots\" content=\"index, follow, max-snippet:-1, max-image-preview:large, max-video-preview:-1\" \/>\n<link rel=\"canonical\" href=\"https:\/\/bobackfbk.fi\/sv\/naisosasto\/\" \/>\n<meta property=\"og:locale\" content=\"sv_SE\" \/>\n<meta property=\"og:type\" content=\"article\" \/>\n<meta property=\"og:title\" content=\"Naisosasto - Bob\u00e4ck FBK\" \/>\n<meta property=\"og:url\" content=\"https:\/\/bobackfbk.fi\/sv\/naisosasto\/\" \/>\n<meta property=\"og:site_name\" content=\"Bob\u00e4ck FBK\" \/>\n<meta property=\"article:publisher\" content=\"https:\/\/www.facebook.com\/RLU46\" \/>\n<meta property=\"article:modified_time\" content=\"2023-05-13T18:49:47+00:00\" \/>\n<meta name=\"twitter:card\" content=\"summary_large_image\" \/>\n<script type=\"application\/ld+json\" class=\"yoast-schema-graph\">{\"@context\":\"https:\/\/schema.org\",\"@graph\":[{\"@type\":\"WebPage\",\"@id\":\"https:\/\/bobackfbk.fi\/fi\/naisosasto\/\",\"url\":\"https:\/\/bobackfbk.fi\/fi\/naisosasto\/\",\"name\":\"Naisosasto - Bob\u00e4ck FBK\",\"isPartOf\":{\"@id\":\"https:\/\/bobackfbk.fi\/fi\/#website\"},\"datePublished\":\"2023-04-08T14:21:07+00:00\",\"dateModified\":\"2023-05-13T18:49:47+00:00\",\"breadcrumb\":{\"@id\":\"https:\/\/bobackfbk.fi\/fi\/naisosasto\/#breadcrumb\"},\"inLanguage\":\"sv-SE\",\"potentialAction\":[{\"@type\":\"ReadAction\",\"target\":[\"https:\/\/bobackfbk.fi\/fi\/naisosasto\/\"]}]},{\"@type\":\"BreadcrumbList\",\"@id\":\"https:\/\/bobackfbk.fi\/fi\/naisosasto\/#breadcrumb\",\"itemListElement\":[{\"@type\":\"ListItem\",\"position\":1,\"name\":\"Etusivu\",\"item\":\"https:\/\/bobackfbk.fi\/fi\/\"},{\"@type\":\"ListItem\",\"position\":2,\"name\":\"Naisosasto\"}]},{\"@type\":\"WebSite\",\"@id\":\"https:\/\/bobackfbk.fi\/fi\/#website\",\"url\":\"https:\/\/bobackfbk.fi\/fi\/\",\"name\":\"Bob\u00e4ck FBK\",\"description\":\"Bob\u00e4ck FBK\",\"publisher\":{\"@id\":\"https:\/\/bobackfbk.fi\/fi\/#organization\"},\"potentialAction\":[{\"@type\":\"SearchAction\",\"target\":{\"@type\":\"EntryPoint\",\"urlTemplate\":\"https:\/\/bobackfbk.fi\/fi\/?s={search_term_string}\"},\"query-input\":{\"@type\":\"PropertyValueSpecification\",\"valueRequired\":true,\"valueName\":\"search_term_string\"}}],\"inLanguage\":\"sv-SE\"},{\"@type\":\"Organization\",\"@id\":\"https:\/\/bobackfbk.fi\/fi\/#organization\",\"name\":\"Bob\u00e4ck FBK\",\"url\":\"https:\/\/bobackfbk.fi\/fi\/\",\"logo\":{\"@type\":\"ImageObject\",\"inLanguage\":\"sv-SE\",\"@id\":\"https:\/\/bobackfbk.fi\/fi\/#\/schema\/logo\/image\/\",\"url\":\"https:\/\/bobackfbk.fi\/wp-content\/uploads\/2023\/04\/logo-latest-version.png\",\"contentUrl\":\"https:\/\/bobackfbk.fi\/wp-content\/uploads\/2023\/04\/logo-latest-version.png\",\"width\":617,\"height\":803,\"caption\":\"Bob\u00e4ck FBK\"},\"image\":{\"@id\":\"https:\/\/bobackfbk.fi\/fi\/#\/schema\/logo\/image\/\"},\"sameAs\":[\"https:\/\/www.facebook.com\/RLU46\",\"https:\/\/www.instagram.com\/bobackfbk\/\"]}]}<\/script>\n<!-- \/ Yoast SEO plugin. -->","yoast_head_json":{"title":"Naisosasto - Bob\u00e4ck FBK","robots":{"index":"index","follow":"follow","max-snippet":"max-snippet:-1","max-image-preview":"max-image-preview:large","max-video-preview":"max-video-preview:-1"},"canonical":"https:\/\/bobackfbk.fi\/sv\/naisosasto\/","og_locale":"sv_SE","og_type":"article","og_title":"Naisosasto - Bob\u00e4ck FBK","og_url":"https:\/\/bobackfbk.fi\/sv\/naisosasto\/","og_site_name":"Bob\u00e4ck FBK","article_publisher":"https:\/\/www.facebook.com\/RLU46","article_modified_time":"2023-05-13T18:49:47+00:00","twitter_card":"summary_large_image","schema":{"@context":"https:\/\/schema.org","@graph":[{"@type":"WebPage","@id":"https:\/\/bobackfbk.fi\/fi\/naisosasto\/","url":"https:\/\/bobackfbk.fi\/fi\/naisosasto\/","name":"Naisosasto - Bob\u00e4ck FBK","isPartOf":{"@id":"https:\/\/bobackfbk.fi\/fi\/#website"},"datePublished":"2023-04-08T14:21:07+00:00","dateModified":"2023-05-13T18:49:47+00:00","breadcrumb":{"@id":"https:\/\/bobackfbk.fi\/fi\/naisosasto\/#breadcrumb"},"inLanguage":"sv-SE","potentialAction":[{"@type":"ReadAction","target":["https:\/\/bobackfbk.fi\/fi\/naisosasto\/"]}]},{"@type":"BreadcrumbList","@id":"https:\/\/bobackfbk.fi\/fi\/naisosasto\/#breadcrumb","itemListElement":[{"@type":"ListItem","position":1,"name":"Etusivu","item":"https:\/\/bobackfbk.fi\/fi\/"},{"@type":"ListItem","position":2,"name":"Naisosasto"}]},{"@type":"WebSite","@id":"https:\/\/bobackfbk.fi\/fi\/#website","url":"https:\/\/bobackfbk.fi\/fi\/","name":"Bob\u00e4ck FBK","description":"Bob\u00e4ck FBK","publisher":{"@id":"https:\/\/bobackfbk.fi\/fi\/#organization"},"potentialAction":[{"@type":"SearchAction","target":{"@type":"EntryPoint","urlTemplate":"https:\/\/bobackfbk.fi\/fi\/?s={search_term_string}"},"query-input":{"@type":"PropertyValueSpecification","valueRequired":true,"valueName":"search_term_string"}}],"inLanguage":"sv-SE"},{"@type":"Organization","@id":"https:\/\/bobackfbk.fi\/fi\/#organization","name":"Bob\u00e4ck FBK","url":"https:\/\/bobackfbk.fi\/fi\/","logo":{"@type":"ImageObject","inLanguage":"sv-SE","@id":"https:\/\/bobackfbk.fi\/fi\/#\/schema\/logo\/image\/","url":"https:\/\/bobackfbk.fi\/wp-content\/uploads\/2023\/04\/logo-latest-version.png","contentUrl":"https:\/\/bobackfbk.fi\/wp-content\/uploads\/2023\/04\/logo-latest-version.png","width":617,"height":803,"caption":"Bob\u00e4ck FBK"},"image":{"@id":"https:\/\/bobackfbk.fi\/fi\/#\/schema\/logo\/image\/"},"sameAs":["https:\/\/www.facebook.com\/RLU46","https:\/\/www.instagram.com\/bobackfbk\/"]}]}},"_links":{"self":[{"href":"https:\/\/bobackfbk.fi\/sv\/wp-json\/wp\/v2\/pages\/119","targetHints":{"allow":["GET"]}}],"collection":[{"href":"https:\/\/bobackfbk.fi\/sv\/wp-json\/wp\/v2\/pages"}],"about":[{"href":"https:\/\/bobackfbk.fi\/sv\/wp-json\/wp\/v2\/types\/page"}],"author":[{"embeddable":true,"href":"https:\/\/bobackfbk.fi\/sv\/wp-json\/wp\/v2\/users\/1"}],"replies":[{"embeddable":true,"href":"https:\/\/bobackfbk.fi\/sv\/wp-json\/wp\/v2\/comments?post=119"}],"version-history":[{"count":14,"href":"https:\/\/bobackfbk.fi\/sv\/wp-json\/wp\/v2\/pages\/119\/revisions"}],"predecessor-version":[{"id":633,"href":"https:\/\/bobackfbk.fi\/sv\/wp-json\/wp\/v2\/pages\/119\/revisions\/633"}],"wp:attachment":[{"href":"https:\/\/bobackfbk.fi\/sv\/wp-json\/wp\/v2\/media?parent=119"}],"curies":[{"name":"wp","href":"https:\/\/api.w.org\/{rel}","templated":true}]}}