{"id":24,"date":"2023-03-30T10:49:30","date_gmt":"2023-03-30T10:49:30","guid":{"rendered":"https:\/\/bobackfbk.fi\/wp\/service\/"},"modified":"2024-03-28T08:59:35","modified_gmt":"2024-03-28T08:59:35","slug":"osastot","status":"publish","type":"page","link":"https:\/\/bobackfbk.fi\/fi\/osastot\/","title":{"rendered":"Osastot"},"content":{"rendered":"\n\n\n\n<h2>Osastot<\/h2>\n\n\n<p>Palokuntaharrastus on vapaaehtoista ja toiminta edesauttaa yhteist\u00e4 turvallisuuttamme. Meid\u00e4n j\u00e4senillemme palokuntaharrastus on ilmaista ja tarjoamme harrastamiseen tarvittavat varusteet ilmaiseksi k\u00e4ytt\u00f6\u00f6si. Palokunnan j\u00e4senin\u00e4 on paljon eri ik\u00e4isi\u00e4, eri ammateissa toimivia ja erilaisissa el\u00e4m\u00e4ntilanteissa olevia ihmisi\u00e4, mutta meille kaikille on yhteist\u00e4 kiinnostus pelastusalaan. Harjoituksissa ja h\u00e4lytyksiss\u00e4 k\u00e4yt\u00e4mme suomen kielt\u00e4, mutta hallintokielen\u00e4 on ruotsi. <br><br>Bob\u00e4ck FBK:ssa kaikki j\u00e4senet kuuluvat johonkin seuraavista osastosta: h\u00e4lytys-, nuoriso-, tai tukiosastoon. Tervetuloa mukaan toimintaan ja tutustu osastoihimme alla olevia kuvia klikkaamalla:<\/p>\n\n\n\n\n\n\n\n\n\n\n\n\n\n\n\n\n\n","protected":false},"excerpt":{"rendered":"","protected":false},"author":1,"featured_media":0,"parent":0,"menu_order":0,"comment_status":"closed","ping_status":"closed","template":"","meta":{"pagelayer_contact_templates":[],"_pagelayer_content":"","footnotes":""},"class_list":["post-24","page","type-page","status-publish","hentry"],"yoast_head":"<!-- This site is optimized with the Yoast SEO plugin v25.4 - https:\/\/yoast.com\/wordpress\/plugins\/seo\/ -->\n<title>Osastot - Bob\u00e4ck FBK<\/title>\n<meta name=\"description\" content=\"Bob\u00e4ck FBK:ssa kaikki j\u00e4senet kuuluvat johonkin seuraavista osastosta: h\u00e4lytys-, nuoriso-, nais- tai veteraaniosastoon. Tervetuloa mukaan toimintaan. Inom Bob\u00e4ck FBK tillh\u00f6r alla medlemmar n\u00e5gon av f\u00f6ljande avdelningar: alarm-, ungdoms-, dam- eller veteranavdelningen. V\u00e4lkommen med i v\u00e5r verksamhet\" \/>\n<meta name=\"robots\" content=\"index, follow, max-snippet:-1, max-image-preview:large, max-video-preview:-1\" \/>\n<link rel=\"canonical\" href=\"https:\/\/bobackfbk.fi\/fi\/osastot\/\" \/>\n<meta property=\"og:locale\" content=\"fi_FI\" \/>\n<meta property=\"og:type\" content=\"article\" \/>\n<meta property=\"og:title\" content=\"Osastot - Bob\u00e4ck FBK\" \/>\n<meta property=\"og:description\" content=\"Bob\u00e4ck FBK:ssa kaikki j\u00e4senet kuuluvat johonkin seuraavista osastosta: h\u00e4lytys-, nuoriso-, nais- tai veteraaniosastoon. Tervetuloa mukaan toimintaan. Inom Bob\u00e4ck FBK tillh\u00f6r alla medlemmar n\u00e5gon av f\u00f6ljande avdelningar: alarm-, ungdoms-, dam- eller veteranavdelningen. V\u00e4lkommen med i v\u00e5r verksamhet\" \/>\n<meta property=\"og:url\" content=\"https:\/\/bobackfbk.fi\/fi\/osastot\/\" \/>\n<meta property=\"og:site_name\" content=\"Bob\u00e4ck FBK\" \/>\n<meta property=\"article:publisher\" content=\"https:\/\/www.facebook.com\/RLU46\" \/>\n<meta property=\"article:modified_time\" content=\"2024-03-28T08:59:35+00:00\" \/>\n<meta name=\"twitter:card\" content=\"summary_large_image\" \/>\n<meta name=\"twitter:label1\" content=\"Arvioitu lukuaika\" \/>\n\t<meta name=\"twitter:data1\" content=\"1 minuutti\" \/>\n<script type=\"application\/ld+json\" class=\"yoast-schema-graph\">{\"@context\":\"https:\/\/schema.org\",\"@graph\":[{\"@type\":\"WebPage\",\"@id\":\"https:\/\/bobackfbk.fi\/fi\/osastot\/\",\"url\":\"https:\/\/bobackfbk.fi\/fi\/osastot\/\",\"name\":\"Osastot - Bob\u00e4ck FBK\",\"isPartOf\":{\"@id\":\"https:\/\/bobackfbk.fi\/fi\/#website\"},\"datePublished\":\"2023-03-30T10:49:30+00:00\",\"dateModified\":\"2024-03-28T08:59:35+00:00\",\"description\":\"Bob\u00e4ck FBK:ssa kaikki j\u00e4senet kuuluvat johonkin seuraavista osastosta: h\u00e4lytys-, nuoriso-, nais- tai veteraaniosastoon. Tervetuloa mukaan toimintaan. Inom Bob\u00e4ck FBK tillh\u00f6r alla medlemmar n\u00e5gon av f\u00f6ljande avdelningar: alarm-, ungdoms-, dam- eller veteranavdelningen. V\u00e4lkommen med i v\u00e5r verksamhet\",\"breadcrumb\":{\"@id\":\"https:\/\/bobackfbk.fi\/fi\/osastot\/#breadcrumb\"},\"inLanguage\":\"fi\",\"potentialAction\":[{\"@type\":\"ReadAction\",\"target\":[\"https:\/\/bobackfbk.fi\/fi\/osastot\/\"]}]},{\"@type\":\"BreadcrumbList\",\"@id\":\"https:\/\/bobackfbk.fi\/fi\/osastot\/#breadcrumb\",\"itemListElement\":[{\"@type\":\"ListItem\",\"position\":1,\"name\":\"Etusivu\",\"item\":\"https:\/\/bobackfbk.fi\/fi\/\"},{\"@type\":\"ListItem\",\"position\":2,\"name\":\"Osastot\"}]},{\"@type\":\"WebSite\",\"@id\":\"https:\/\/bobackfbk.fi\/fi\/#website\",\"url\":\"https:\/\/bobackfbk.fi\/fi\/\",\"name\":\"Bob\u00e4ck FBK\",\"description\":\"Bob\u00e4ck FBK\",\"publisher\":{\"@id\":\"https:\/\/bobackfbk.fi\/fi\/#organization\"},\"potentialAction\":[{\"@type\":\"SearchAction\",\"target\":{\"@type\":\"EntryPoint\",\"urlTemplate\":\"https:\/\/bobackfbk.fi\/fi\/?s={search_term_string}\"},\"query-input\":{\"@type\":\"PropertyValueSpecification\",\"valueRequired\":true,\"valueName\":\"search_term_string\"}}],\"inLanguage\":\"fi\"},{\"@type\":\"Organization\",\"@id\":\"https:\/\/bobackfbk.fi\/fi\/#organization\",\"name\":\"Bob\u00e4ck FBK\",\"url\":\"https:\/\/bobackfbk.fi\/fi\/\",\"logo\":{\"@type\":\"ImageObject\",\"inLanguage\":\"fi\",\"@id\":\"https:\/\/bobackfbk.fi\/fi\/#\/schema\/logo\/image\/\",\"url\":\"https:\/\/bobackfbk.fi\/wp-content\/uploads\/2023\/04\/logo-latest-version.png\",\"contentUrl\":\"https:\/\/bobackfbk.fi\/wp-content\/uploads\/2023\/04\/logo-latest-version.png\",\"width\":617,\"height\":803,\"caption\":\"Bob\u00e4ck FBK\"},\"image\":{\"@id\":\"https:\/\/bobackfbk.fi\/fi\/#\/schema\/logo\/image\/\"},\"sameAs\":[\"https:\/\/www.facebook.com\/RLU46\",\"https:\/\/www.instagram.com\/bobackfbk\/\"]}]}<\/script>\n<!-- \/ Yoast SEO plugin. -->","yoast_head_json":{"title":"Osastot - Bob\u00e4ck FBK","description":"Bob\u00e4ck FBK:ssa kaikki j\u00e4senet kuuluvat johonkin seuraavista osastosta: h\u00e4lytys-, nuoriso-, nais- tai veteraaniosastoon. Tervetuloa mukaan toimintaan. Inom Bob\u00e4ck FBK tillh\u00f6r alla medlemmar n\u00e5gon av f\u00f6ljande avdelningar: alarm-, ungdoms-, dam- eller veteranavdelningen. V\u00e4lkommen med i v\u00e5r verksamhet","robots":{"index":"index","follow":"follow","max-snippet":"max-snippet:-1","max-image-preview":"max-image-preview:large","max-video-preview":"max-video-preview:-1"},"canonical":"https:\/\/bobackfbk.fi\/fi\/osastot\/","og_locale":"fi_FI","og_type":"article","og_title":"Osastot - Bob\u00e4ck FBK","og_description":"Bob\u00e4ck FBK:ssa kaikki j\u00e4senet kuuluvat johonkin seuraavista osastosta: h\u00e4lytys-, nuoriso-, nais- tai veteraaniosastoon. Tervetuloa mukaan toimintaan. Inom Bob\u00e4ck FBK tillh\u00f6r alla medlemmar n\u00e5gon av f\u00f6ljande avdelningar: alarm-, ungdoms-, dam- eller veteranavdelningen. V\u00e4lkommen med i v\u00e5r verksamhet","og_url":"https:\/\/bobackfbk.fi\/fi\/osastot\/","og_site_name":"Bob\u00e4ck FBK","article_publisher":"https:\/\/www.facebook.com\/RLU46","article_modified_time":"2024-03-28T08:59:35+00:00","twitter_card":"summary_large_image","twitter_misc":{"Arvioitu lukuaika":"1 minuutti"},"schema":{"@context":"https:\/\/schema.org","@graph":[{"@type":"WebPage","@id":"https:\/\/bobackfbk.fi\/fi\/osastot\/","url":"https:\/\/bobackfbk.fi\/fi\/osastot\/","name":"Osastot - Bob\u00e4ck FBK","isPartOf":{"@id":"https:\/\/bobackfbk.fi\/fi\/#website"},"datePublished":"2023-03-30T10:49:30+00:00","dateModified":"2024-03-28T08:59:35+00:00","description":"Bob\u00e4ck FBK:ssa kaikki j\u00e4senet kuuluvat johonkin seuraavista osastosta: h\u00e4lytys-, nuoriso-, nais- tai veteraaniosastoon. Tervetuloa mukaan toimintaan. Inom Bob\u00e4ck FBK tillh\u00f6r alla medlemmar n\u00e5gon av f\u00f6ljande avdelningar: alarm-, ungdoms-, dam- eller veteranavdelningen. V\u00e4lkommen med i v\u00e5r verksamhet","breadcrumb":{"@id":"https:\/\/bobackfbk.fi\/fi\/osastot\/#breadcrumb"},"inLanguage":"fi","potentialAction":[{"@type":"ReadAction","target":["https:\/\/bobackfbk.fi\/fi\/osastot\/"]}]},{"@type":"BreadcrumbList","@id":"https:\/\/bobackfbk.fi\/fi\/osastot\/#breadcrumb","itemListElement":[{"@type":"ListItem","position":1,"name":"Etusivu","item":"https:\/\/bobackfbk.fi\/fi\/"},{"@type":"ListItem","position":2,"name":"Osastot"}]},{"@type":"WebSite","@id":"https:\/\/bobackfbk.fi\/fi\/#website","url":"https:\/\/bobackfbk.fi\/fi\/","name":"Bob\u00e4ck FBK","description":"Bob\u00e4ck FBK","publisher":{"@id":"https:\/\/bobackfbk.fi\/fi\/#organization"},"potentialAction":[{"@type":"SearchAction","target":{"@type":"EntryPoint","urlTemplate":"https:\/\/bobackfbk.fi\/fi\/?s={search_term_string}"},"query-input":{"@type":"PropertyValueSpecification","valueRequired":true,"valueName":"search_term_string"}}],"inLanguage":"fi"},{"@type":"Organization","@id":"https:\/\/bobackfbk.fi\/fi\/#organization","name":"Bob\u00e4ck FBK","url":"https:\/\/bobackfbk.fi\/fi\/","logo":{"@type":"ImageObject","inLanguage":"fi","@id":"https:\/\/bobackfbk.fi\/fi\/#\/schema\/logo\/image\/","url":"https:\/\/bobackfbk.fi\/wp-content\/uploads\/2023\/04\/logo-latest-version.png","contentUrl":"https:\/\/bobackfbk.fi\/wp-content\/uploads\/2023\/04\/logo-latest-version.png","width":617,"height":803,"caption":"Bob\u00e4ck FBK"},"image":{"@id":"https:\/\/bobackfbk.fi\/fi\/#\/schema\/logo\/image\/"},"sameAs":["https:\/\/www.facebook.com\/RLU46","https:\/\/www.instagram.com\/bobackfbk\/"]}]}},"_links":{"self":[{"href":"https:\/\/bobackfbk.fi\/fi\/wp-json\/wp\/v2\/pages\/24","targetHints":{"allow":["GET"]}}],"collection":[{"href":"https:\/\/bobackfbk.fi\/fi\/wp-json\/wp\/v2\/pages"}],"about":[{"href":"https:\/\/bobackfbk.fi\/fi\/wp-json\/wp\/v2\/types\/page"}],"author":[{"embeddable":true,"href":"https:\/\/bobackfbk.fi\/fi\/wp-json\/wp\/v2\/users\/1"}],"replies":[{"embeddable":true,"href":"https:\/\/bobackfbk.fi\/fi\/wp-json\/wp\/v2\/comments?post=24"}],"version-history":[{"count":41,"href":"https:\/\/bobackfbk.fi\/fi\/wp-json\/wp\/v2\/pages\/24\/revisions"}],"predecessor-version":[{"id":688,"href":"https:\/\/bobackfbk.fi\/fi\/wp-json\/wp\/v2\/pages\/24\/revisions\/688"}],"wp:attachment":[{"href":"https:\/\/bobackfbk.fi\/fi\/wp-json\/wp\/v2\/media?parent=24"}],"curies":[{"name":"wp","href":"https:\/\/api.w.org\/{rel}","templated":true}]}}