{"id":113,"date":"2023-04-08T14:11:19","date_gmt":"2023-04-08T14:11:19","guid":{"rendered":"https:\/\/bobackfbk.fi\/wp\/?page_id=113"},"modified":"2024-04-14T17:17:32","modified_gmt":"2024-04-14T17:17:32","slug":"halytysosasto","status":"publish","type":"page","link":"https:\/\/bobackfbk.fi\/fi\/halytysosasto\/","title":{"rendered":"H\u00e4lytysosasto"},"content":{"rendered":"\n\n\n\n<h2>H\u00e4lytysosasto<\/h2>\n\n<p>H\u00e4lytysosastossa harjoitellaan pelastustoiminnan perustaitoja ja valmistaudutaan toimimaan erilaisissa h\u00e4lytysteht\u00e4viss\u00e4. H\u00e4lytysosastoon p\u00e4\u00e4st\u00e4kseen tulee olla t\u00e4ysi-ik\u00e4inen, suorittaa pelastusty\u00f6n peruskurssi ja olla yleisesti pelastustoimintaan soveltuva sek\u00e4 osallistua aktiivisesti viikkoharjoituksiin. Mik\u00e4li sinulla on aiempaa taustaa palokuntatoiminnasta, niin p\u00e4\u00e4set mukaan nopeammin. H\u00e4lytyksi\u00e4 on viime vuosina ollut keskim\u00e4\u00e4rin 30 vuodessa. \n<br><br>\nHarjoitukset ovat torstaisin klo 19.00 ja ne kest\u00e4v\u00e4t noin 2-3 tuntia. HUOM! Juhannuksesta hein\u00e4kuun loppuun ei harjoituksia j\u00e4rjestet\u00e4. <br><br>\nKatso miehist\u00f6n syksyn harjoitusohjelma: <a href=\"https:\/\/bobackfbk.fi\/wp-content\/uploads\/2024\/04\/Kevat-2024-Boback-fbk-Harjoitusohjelma-miehisto-ver-1.2-Taul1.pdf\">Miehist\u00f6n harjoitusohjelma syksy 2024<\/a>\n<br><br>\nLiitty\u00e4ksesi h\u00e4lytysosastoon, ota  yhteytt\u00e4 palokunnan p\u00e4\u00e4llikk\u00f6\u00f6n Andrea \u00c5berg puh: 040 725 9966 tai s\u00e4hk\u00f6postitse paallikko@bobackfbk.fi. <br><br>\n<\/p>\n\n\n\n","protected":false},"excerpt":{"rendered":"","protected":false},"author":1,"featured_media":0,"parent":0,"menu_order":0,"comment_status":"closed","ping_status":"closed","template":"","meta":{"pagelayer_contact_templates":[],"_pagelayer_content":"","footnotes":""},"class_list":["post-113","page","type-page","status-publish","hentry"],"yoast_head":"<!-- This site is optimized with the Yoast SEO plugin v25.4 - https:\/\/yoast.com\/wordpress\/plugins\/seo\/ -->\n<title>H\u00e4lytysosasto - Bob\u00e4ck FBK Sopimuspalokunta<\/title>\n<meta name=\"description\" content=\"Bob\u00e4ck FBK on Kirkkonummen Luomassa toimiva sopimuspalokunta. Bob\u00e4ck FBK \u00e4r en avtalsbrandk\u00e5r som verkar i Bob\u00e4ck, Kyrksl\u00e4tt.\" \/>\n<meta name=\"robots\" content=\"index, follow, max-snippet:-1, max-image-preview:large, max-video-preview:-1\" \/>\n<link rel=\"canonical\" href=\"https:\/\/bobackfbk.fi\/fi\/halytysosasto\/\" \/>\n<meta property=\"og:locale\" content=\"fi_FI\" \/>\n<meta property=\"og:type\" content=\"article\" \/>\n<meta property=\"og:title\" content=\"H\u00e4lytysosasto - Bob\u00e4ck FBK Sopimuspalokunta\" \/>\n<meta property=\"og:description\" content=\"Bob\u00e4ck FBK on Kirkkonummen Luomassa toimiva sopimuspalokunta. Bob\u00e4ck FBK \u00e4r en avtalsbrandk\u00e5r som verkar i Bob\u00e4ck, Kyrksl\u00e4tt.\" \/>\n<meta property=\"og:url\" content=\"https:\/\/bobackfbk.fi\/fi\/halytysosasto\/\" \/>\n<meta property=\"og:site_name\" content=\"Bob\u00e4ck FBK\" \/>\n<meta property=\"article:publisher\" content=\"https:\/\/www.facebook.com\/RLU46\" \/>\n<meta property=\"article:modified_time\" content=\"2024-04-14T17:17:32+00:00\" \/>\n<meta name=\"twitter:card\" content=\"summary_large_image\" \/>\n<meta name=\"twitter:label1\" content=\"Arvioitu lukuaika\" \/>\n\t<meta name=\"twitter:data1\" content=\"1 minuutti\" \/>\n<script type=\"application\/ld+json\" class=\"yoast-schema-graph\">{\"@context\":\"https:\/\/schema.org\",\"@graph\":[{\"@type\":\"WebPage\",\"@id\":\"https:\/\/bobackfbk.fi\/fi\/halytysosasto\/\",\"url\":\"https:\/\/bobackfbk.fi\/fi\/halytysosasto\/\",\"name\":\"H\u00e4lytysosasto - Bob\u00e4ck FBK Sopimuspalokunta\",\"isPartOf\":{\"@id\":\"https:\/\/bobackfbk.fi\/fi\/#website\"},\"datePublished\":\"2023-04-08T14:11:19+00:00\",\"dateModified\":\"2024-04-14T17:17:32+00:00\",\"description\":\"Bob\u00e4ck FBK on Kirkkonummen Luomassa toimiva sopimuspalokunta. Bob\u00e4ck FBK \u00e4r en avtalsbrandk\u00e5r som verkar i Bob\u00e4ck, Kyrksl\u00e4tt.\",\"breadcrumb\":{\"@id\":\"https:\/\/bobackfbk.fi\/fi\/halytysosasto\/#breadcrumb\"},\"inLanguage\":\"fi\",\"potentialAction\":[{\"@type\":\"ReadAction\",\"target\":[\"https:\/\/bobackfbk.fi\/fi\/halytysosasto\/\"]}]},{\"@type\":\"BreadcrumbList\",\"@id\":\"https:\/\/bobackfbk.fi\/fi\/halytysosasto\/#breadcrumb\",\"itemListElement\":[{\"@type\":\"ListItem\",\"position\":1,\"name\":\"Etusivu\",\"item\":\"https:\/\/bobackfbk.fi\/fi\/\"},{\"@type\":\"ListItem\",\"position\":2,\"name\":\"H\u00e4lytysosasto\"}]},{\"@type\":\"WebSite\",\"@id\":\"https:\/\/bobackfbk.fi\/fi\/#website\",\"url\":\"https:\/\/bobackfbk.fi\/fi\/\",\"name\":\"Bob\u00e4ck FBK\",\"description\":\"Bob\u00e4ck FBK\",\"publisher\":{\"@id\":\"https:\/\/bobackfbk.fi\/fi\/#organization\"},\"potentialAction\":[{\"@type\":\"SearchAction\",\"target\":{\"@type\":\"EntryPoint\",\"urlTemplate\":\"https:\/\/bobackfbk.fi\/fi\/?s={search_term_string}\"},\"query-input\":{\"@type\":\"PropertyValueSpecification\",\"valueRequired\":true,\"valueName\":\"search_term_string\"}}],\"inLanguage\":\"fi\"},{\"@type\":\"Organization\",\"@id\":\"https:\/\/bobackfbk.fi\/fi\/#organization\",\"name\":\"Bob\u00e4ck FBK\",\"url\":\"https:\/\/bobackfbk.fi\/fi\/\",\"logo\":{\"@type\":\"ImageObject\",\"inLanguage\":\"fi\",\"@id\":\"https:\/\/bobackfbk.fi\/fi\/#\/schema\/logo\/image\/\",\"url\":\"https:\/\/bobackfbk.fi\/wp-content\/uploads\/2023\/04\/logo-latest-version.png\",\"contentUrl\":\"https:\/\/bobackfbk.fi\/wp-content\/uploads\/2023\/04\/logo-latest-version.png\",\"width\":617,\"height\":803,\"caption\":\"Bob\u00e4ck FBK\"},\"image\":{\"@id\":\"https:\/\/bobackfbk.fi\/fi\/#\/schema\/logo\/image\/\"},\"sameAs\":[\"https:\/\/www.facebook.com\/RLU46\",\"https:\/\/www.instagram.com\/bobackfbk\/\"]}]}<\/script>\n<!-- \/ Yoast SEO plugin. -->","yoast_head_json":{"title":"H\u00e4lytysosasto - Bob\u00e4ck FBK Sopimuspalokunta","description":"Bob\u00e4ck FBK on Kirkkonummen Luomassa toimiva sopimuspalokunta. Bob\u00e4ck FBK \u00e4r en avtalsbrandk\u00e5r som verkar i Bob\u00e4ck, Kyrksl\u00e4tt.","robots":{"index":"index","follow":"follow","max-snippet":"max-snippet:-1","max-image-preview":"max-image-preview:large","max-video-preview":"max-video-preview:-1"},"canonical":"https:\/\/bobackfbk.fi\/fi\/halytysosasto\/","og_locale":"fi_FI","og_type":"article","og_title":"H\u00e4lytysosasto - Bob\u00e4ck FBK Sopimuspalokunta","og_description":"Bob\u00e4ck FBK on Kirkkonummen Luomassa toimiva sopimuspalokunta. Bob\u00e4ck FBK \u00e4r en avtalsbrandk\u00e5r som verkar i Bob\u00e4ck, Kyrksl\u00e4tt.","og_url":"https:\/\/bobackfbk.fi\/fi\/halytysosasto\/","og_site_name":"Bob\u00e4ck FBK","article_publisher":"https:\/\/www.facebook.com\/RLU46","article_modified_time":"2024-04-14T17:17:32+00:00","twitter_card":"summary_large_image","twitter_misc":{"Arvioitu lukuaika":"1 minuutti"},"schema":{"@context":"https:\/\/schema.org","@graph":[{"@type":"WebPage","@id":"https:\/\/bobackfbk.fi\/fi\/halytysosasto\/","url":"https:\/\/bobackfbk.fi\/fi\/halytysosasto\/","name":"H\u00e4lytysosasto - Bob\u00e4ck FBK Sopimuspalokunta","isPartOf":{"@id":"https:\/\/bobackfbk.fi\/fi\/#website"},"datePublished":"2023-04-08T14:11:19+00:00","dateModified":"2024-04-14T17:17:32+00:00","description":"Bob\u00e4ck FBK on Kirkkonummen Luomassa toimiva sopimuspalokunta. Bob\u00e4ck FBK \u00e4r en avtalsbrandk\u00e5r som verkar i Bob\u00e4ck, Kyrksl\u00e4tt.","breadcrumb":{"@id":"https:\/\/bobackfbk.fi\/fi\/halytysosasto\/#breadcrumb"},"inLanguage":"fi","potentialAction":[{"@type":"ReadAction","target":["https:\/\/bobackfbk.fi\/fi\/halytysosasto\/"]}]},{"@type":"BreadcrumbList","@id":"https:\/\/bobackfbk.fi\/fi\/halytysosasto\/#breadcrumb","itemListElement":[{"@type":"ListItem","position":1,"name":"Etusivu","item":"https:\/\/bobackfbk.fi\/fi\/"},{"@type":"ListItem","position":2,"name":"H\u00e4lytysosasto"}]},{"@type":"WebSite","@id":"https:\/\/bobackfbk.fi\/fi\/#website","url":"https:\/\/bobackfbk.fi\/fi\/","name":"Bob\u00e4ck FBK","description":"Bob\u00e4ck FBK","publisher":{"@id":"https:\/\/bobackfbk.fi\/fi\/#organization"},"potentialAction":[{"@type":"SearchAction","target":{"@type":"EntryPoint","urlTemplate":"https:\/\/bobackfbk.fi\/fi\/?s={search_term_string}"},"query-input":{"@type":"PropertyValueSpecification","valueRequired":true,"valueName":"search_term_string"}}],"inLanguage":"fi"},{"@type":"Organization","@id":"https:\/\/bobackfbk.fi\/fi\/#organization","name":"Bob\u00e4ck FBK","url":"https:\/\/bobackfbk.fi\/fi\/","logo":{"@type":"ImageObject","inLanguage":"fi","@id":"https:\/\/bobackfbk.fi\/fi\/#\/schema\/logo\/image\/","url":"https:\/\/bobackfbk.fi\/wp-content\/uploads\/2023\/04\/logo-latest-version.png","contentUrl":"https:\/\/bobackfbk.fi\/wp-content\/uploads\/2023\/04\/logo-latest-version.png","width":617,"height":803,"caption":"Bob\u00e4ck FBK"},"image":{"@id":"https:\/\/bobackfbk.fi\/fi\/#\/schema\/logo\/image\/"},"sameAs":["https:\/\/www.facebook.com\/RLU46","https:\/\/www.instagram.com\/bobackfbk\/"]}]}},"_links":{"self":[{"href":"https:\/\/bobackfbk.fi\/fi\/wp-json\/wp\/v2\/pages\/113","targetHints":{"allow":["GET"]}}],"collection":[{"href":"https:\/\/bobackfbk.fi\/fi\/wp-json\/wp\/v2\/pages"}],"about":[{"href":"https:\/\/bobackfbk.fi\/fi\/wp-json\/wp\/v2\/types\/page"}],"author":[{"embeddable":true,"href":"https:\/\/bobackfbk.fi\/fi\/wp-json\/wp\/v2\/users\/1"}],"replies":[{"embeddable":true,"href":"https:\/\/bobackfbk.fi\/fi\/wp-json\/wp\/v2\/comments?post=113"}],"version-history":[{"count":15,"href":"https:\/\/bobackfbk.fi\/fi\/wp-json\/wp\/v2\/pages\/113\/revisions"}],"predecessor-version":[{"id":700,"href":"https:\/\/bobackfbk.fi\/fi\/wp-json\/wp\/v2\/pages\/113\/revisions\/700"}],"wp:attachment":[{"href":"https:\/\/bobackfbk.fi\/fi\/wp-json\/wp\/v2\/media?parent=113"}],"curies":[{"name":"wp","href":"https:\/\/api.w.org\/{rel}","templated":true}]}}