{"id":21,"date":"2023-03-30T10:49:26","date_gmt":"2023-03-30T10:49:26","guid":{"rendered":"https:\/\/bobackfbk.fi\/wp\/home\/"},"modified":"2025-12-30T09:26:52","modified_gmt":"2025-12-30T09:26:52","slug":"etusivu","status":"publish","type":"page","link":"http:\/\/bobackfbk.fi\/sv\/","title":{"rendered":"Hemsida"},"content":{"rendered":"<h2>Bob\u00e4ck FBK\n<\/h2>\n\n<p>Bob\u00e4ck FBK \u00e4r en avtalsbrandk\u00e5r som verkar i Bob\u00e4ck, Kyrksl\u00e4tt. Brandk\u00e5ren har grundats \u00e5r\n1947. K\u00e5ren har ett brandk\u00e5rsavtal med V\u00e4stra Nylands r\u00e4ddningsverk. Branddep\u00e5n\nomfattar en bilhall f\u00f6r tv\u00e5 bilar, f\u00f6rel\u00e4sningssal, gym, omkl\u00e4dningsrum, k\u00f6k, bastu och\nlagerutrymmen. <br><br> <strong>Fordonsutrustning<\/strong> <br> Till v\u00e5rt f\u00f6rfogande har vi en sl\u00e4ckningsenhet och en manskapsbil. <br> * Sammutusauto LU 461, Scania, vm. 2011<br> * Manskapsbil LU 467, Volkswagen Transporter, \u00e5rsmodell 2021<\/p>\n\n\n\n\n\n\n\n\n\n<h6>KOM MED I EN NY INTRESSANT FRITIDSSYSSELS\u00c4TTNING I V\u00c5R BRANDK\u00c5R<\/h6>\n\n<p>Bob\u00e4ck FBK s\u00f6ker kontinuerligt efter nya medlemmar till v\u00e5r alarmavdelning och vi vill ha\njust dej med i v\u00e5r verksamhet! Denna hobby kostar dej ingenting. Ta kontakt\nmed v\u00e5r k\u00e5rchef, Taneli Enqvist tel: 040 518 0422 eller per e-mail paallikko@bobackfbk.fi.<\/p>\n\n\n\n\n\n\n\n\n\n<h6>S\u00c4KERHETSKOMMUNIKATION<\/h6>\n\n\n<p class=\"translation-block\">V\u00e5r brandk\u00e5r utf\u00f6r \u00e4ven upplysningsuppdrag, s\u00e5som f\u00f6rstahandssl\u00e4ckning- (AS1) skolningar. Vi\ndeltar \u00e4ven i olika evenemang inom V\u00e4stra Nyland och vi bes\u00f6ker p\u00e5 beg\u00e4ran bl. a. daghem\noch skolor, d\u00e4r vi kan f\u00f6rmedla kunskap om s\u00e4kerhet.<br><br>\nBeg\u00e4ran om upplysningsuppdrag kan s\u00e4ndas per e-mail till tuvi@bobackfbk.fi.<\/p>","protected":false},"excerpt":{"rendered":"","protected":false},"author":1,"featured_media":0,"parent":0,"menu_order":0,"comment_status":"closed","ping_status":"closed","template":"","meta":{"pagelayer_contact_templates":[],"_pagelayer_content":"","footnotes":""},"class_list":["post-21","page","type-page","status-publish","hentry"],"yoast_head":"<!-- This site is optimized with the Yoast SEO plugin v25.4 - https:\/\/yoast.com\/wordpress\/plugins\/seo\/ -->\n<title>Bob\u00e4ck FBK-VPK - Sopimuspalokunta Kirkkonummi,Masala,Luoma<\/title>\n<meta name=\"description\" content=\"Bob\u00e4ck FBK etsii jatkuvasti uusia j\u00e4seni\u00e4 h\u00e4lytysosastoon ja haluaa juuri sinut mukaan toimintaan! Ota rohkeasti yhteytt\u00e4 paallikko@bobackfbk.fi.\" \/>\n<meta name=\"robots\" content=\"index, follow, max-snippet:-1, max-image-preview:large, max-video-preview:-1\" \/>\n<link rel=\"canonical\" href=\"https:\/\/bobackfbk.fi\/sv\/\" \/>\n<meta property=\"og:locale\" content=\"sv_SE\" \/>\n<meta property=\"og:type\" content=\"article\" \/>\n<meta property=\"og:title\" content=\"Bob\u00e4ck FBK-VPK - Sopimuspalokunta Kirkkonummi,Masala,Luoma\" \/>\n<meta property=\"og:description\" content=\"Bob\u00e4ck FBK etsii jatkuvasti uusia j\u00e4seni\u00e4 h\u00e4lytysosastoon ja haluaa juuri sinut mukaan toimintaan! Ota rohkeasti yhteytt\u00e4 paallikko@bobackfbk.fi.\" \/>\n<meta property=\"og:url\" content=\"https:\/\/bobackfbk.fi\/sv\/\" \/>\n<meta property=\"og:site_name\" content=\"Bob\u00e4ck FBK\" \/>\n<meta property=\"article:publisher\" content=\"https:\/\/www.facebook.com\/RLU46\" \/>\n<meta property=\"article:modified_time\" content=\"2025-12-30T09:26:52+00:00\" \/>\n<meta name=\"twitter:card\" content=\"summary_large_image\" \/>\n<meta name=\"twitter:label1\" content=\"Ber\u00e4knad l\u00e4stid\" \/>\n\t<meta name=\"twitter:data1\" content=\"1 minut\" \/>\n<script type=\"application\/ld+json\" class=\"yoast-schema-graph\">{\"@context\":\"https:\/\/schema.org\",\"@graph\":[{\"@type\":\"WebPage\",\"@id\":\"https:\/\/bobackfbk.fi\/fi\/\",\"url\":\"https:\/\/bobackfbk.fi\/fi\/\",\"name\":\"Bob\u00e4ck FBK-VPK - Sopimuspalokunta Kirkkonummi,Masala,Luoma\",\"isPartOf\":{\"@id\":\"https:\/\/bobackfbk.fi\/fi\/#website\"},\"datePublished\":\"2023-03-30T10:49:26+00:00\",\"dateModified\":\"2025-12-30T09:26:52+00:00\",\"description\":\"Bob\u00e4ck FBK etsii jatkuvasti uusia j\u00e4seni\u00e4 h\u00e4lytysosastoon ja haluaa juuri sinut mukaan toimintaan! Ota rohkeasti yhteytt\u00e4 paallikko@bobackfbk.fi.\",\"breadcrumb\":{\"@id\":\"https:\/\/bobackfbk.fi\/fi\/#breadcrumb\"},\"inLanguage\":\"sv-SE\",\"potentialAction\":[{\"@type\":\"ReadAction\",\"target\":[\"https:\/\/bobackfbk.fi\/fi\/\"]}]},{\"@type\":\"BreadcrumbList\",\"@id\":\"https:\/\/bobackfbk.fi\/fi\/#breadcrumb\",\"itemListElement\":[{\"@type\":\"ListItem\",\"position\":1,\"name\":\"Etusivu\",\"item\":\"https:\/\/bobackfbk.fi\/fi\/\"},{\"@type\":\"ListItem\",\"position\":2,\"name\":\"Etusivu\"}]},{\"@type\":\"WebSite\",\"@id\":\"https:\/\/bobackfbk.fi\/fi\/#website\",\"url\":\"https:\/\/bobackfbk.fi\/fi\/\",\"name\":\"Bob\u00e4ck FBK\",\"description\":\"Bob\u00e4ck FBK\",\"publisher\":{\"@id\":\"https:\/\/bobackfbk.fi\/fi\/#organization\"},\"potentialAction\":[{\"@type\":\"SearchAction\",\"target\":{\"@type\":\"EntryPoint\",\"urlTemplate\":\"https:\/\/bobackfbk.fi\/fi\/?s={search_term_string}\"},\"query-input\":{\"@type\":\"PropertyValueSpecification\",\"valueRequired\":true,\"valueName\":\"search_term_string\"}}],\"inLanguage\":\"sv-SE\"},{\"@type\":\"Organization\",\"@id\":\"https:\/\/bobackfbk.fi\/fi\/#organization\",\"name\":\"Bob\u00e4ck FBK\",\"url\":\"https:\/\/bobackfbk.fi\/fi\/\",\"logo\":{\"@type\":\"ImageObject\",\"inLanguage\":\"sv-SE\",\"@id\":\"https:\/\/bobackfbk.fi\/fi\/#\/schema\/logo\/image\/\",\"url\":\"https:\/\/bobackfbk.fi\/wp-content\/uploads\/2023\/04\/logo-latest-version.png\",\"contentUrl\":\"https:\/\/bobackfbk.fi\/wp-content\/uploads\/2023\/04\/logo-latest-version.png\",\"width\":617,\"height\":803,\"caption\":\"Bob\u00e4ck FBK\"},\"image\":{\"@id\":\"https:\/\/bobackfbk.fi\/fi\/#\/schema\/logo\/image\/\"},\"sameAs\":[\"https:\/\/www.facebook.com\/RLU46\",\"https:\/\/www.instagram.com\/bobackfbk\/\"]}]}<\/script>\n<!-- \/ Yoast SEO plugin. -->","yoast_head_json":{"title":"Bob\u00e4ck FBK-VPK - Sopimuspalokunta Kirkkonummi,Masala,Luoma","description":"Bob\u00e4ck FBK etsii jatkuvasti uusia j\u00e4seni\u00e4 h\u00e4lytysosastoon ja haluaa juuri sinut mukaan toimintaan! Ota rohkeasti yhteytt\u00e4 paallikko@bobackfbk.fi.","robots":{"index":"index","follow":"follow","max-snippet":"max-snippet:-1","max-image-preview":"max-image-preview:large","max-video-preview":"max-video-preview:-1"},"canonical":"https:\/\/bobackfbk.fi\/sv\/","og_locale":"sv_SE","og_type":"article","og_title":"Bob\u00e4ck FBK-VPK - Sopimuspalokunta Kirkkonummi,Masala,Luoma","og_description":"Bob\u00e4ck FBK etsii jatkuvasti uusia j\u00e4seni\u00e4 h\u00e4lytysosastoon ja haluaa juuri sinut mukaan toimintaan! Ota rohkeasti yhteytt\u00e4 paallikko@bobackfbk.fi.","og_url":"https:\/\/bobackfbk.fi\/sv\/","og_site_name":"Bob\u00e4ck FBK","article_publisher":"https:\/\/www.facebook.com\/RLU46","article_modified_time":"2025-12-30T09:26:52+00:00","twitter_card":"summary_large_image","twitter_misc":{"Ber\u00e4knad l\u00e4stid":"1 minut"},"schema":{"@context":"https:\/\/schema.org","@graph":[{"@type":"WebPage","@id":"https:\/\/bobackfbk.fi\/fi\/","url":"https:\/\/bobackfbk.fi\/fi\/","name":"Bob\u00e4ck FBK-VPK - Sopimuspalokunta Kirkkonummi,Masala,Luoma","isPartOf":{"@id":"https:\/\/bobackfbk.fi\/fi\/#website"},"datePublished":"2023-03-30T10:49:26+00:00","dateModified":"2025-12-30T09:26:52+00:00","description":"Bob\u00e4ck FBK etsii jatkuvasti uusia j\u00e4seni\u00e4 h\u00e4lytysosastoon ja haluaa juuri sinut mukaan toimintaan! Ota rohkeasti yhteytt\u00e4 paallikko@bobackfbk.fi.","breadcrumb":{"@id":"https:\/\/bobackfbk.fi\/fi\/#breadcrumb"},"inLanguage":"sv-SE","potentialAction":[{"@type":"ReadAction","target":["https:\/\/bobackfbk.fi\/fi\/"]}]},{"@type":"BreadcrumbList","@id":"https:\/\/bobackfbk.fi\/fi\/#breadcrumb","itemListElement":[{"@type":"ListItem","position":1,"name":"Etusivu","item":"https:\/\/bobackfbk.fi\/fi\/"},{"@type":"ListItem","position":2,"name":"Etusivu"}]},{"@type":"WebSite","@id":"https:\/\/bobackfbk.fi\/fi\/#website","url":"https:\/\/bobackfbk.fi\/fi\/","name":"Bob\u00e4ck FBK","description":"Bob\u00e4ck FBK","publisher":{"@id":"https:\/\/bobackfbk.fi\/fi\/#organization"},"potentialAction":[{"@type":"SearchAction","target":{"@type":"EntryPoint","urlTemplate":"https:\/\/bobackfbk.fi\/fi\/?s={search_term_string}"},"query-input":{"@type":"PropertyValueSpecification","valueRequired":true,"valueName":"search_term_string"}}],"inLanguage":"sv-SE"},{"@type":"Organization","@id":"https:\/\/bobackfbk.fi\/fi\/#organization","name":"Bob\u00e4ck FBK","url":"https:\/\/bobackfbk.fi\/fi\/","logo":{"@type":"ImageObject","inLanguage":"sv-SE","@id":"https:\/\/bobackfbk.fi\/fi\/#\/schema\/logo\/image\/","url":"https:\/\/bobackfbk.fi\/wp-content\/uploads\/2023\/04\/logo-latest-version.png","contentUrl":"https:\/\/bobackfbk.fi\/wp-content\/uploads\/2023\/04\/logo-latest-version.png","width":617,"height":803,"caption":"Bob\u00e4ck FBK"},"image":{"@id":"https:\/\/bobackfbk.fi\/fi\/#\/schema\/logo\/image\/"},"sameAs":["https:\/\/www.facebook.com\/RLU46","https:\/\/www.instagram.com\/bobackfbk\/"]}]}},"_links":{"self":[{"href":"http:\/\/bobackfbk.fi\/sv\/wp-json\/wp\/v2\/pages\/21","targetHints":{"allow":["GET"]}}],"collection":[{"href":"http:\/\/bobackfbk.fi\/sv\/wp-json\/wp\/v2\/pages"}],"about":[{"href":"http:\/\/bobackfbk.fi\/sv\/wp-json\/wp\/v2\/types\/page"}],"author":[{"embeddable":true,"href":"http:\/\/bobackfbk.fi\/sv\/wp-json\/wp\/v2\/users\/1"}],"replies":[{"embeddable":true,"href":"http:\/\/bobackfbk.fi\/sv\/wp-json\/wp\/v2\/comments?post=21"}],"version-history":[{"count":60,"href":"http:\/\/bobackfbk.fi\/sv\/wp-json\/wp\/v2\/pages\/21\/revisions"}],"predecessor-version":[{"id":727,"href":"http:\/\/bobackfbk.fi\/sv\/wp-json\/wp\/v2\/pages\/21\/revisions\/727"}],"wp:attachment":[{"href":"http:\/\/bobackfbk.fi\/sv\/wp-json\/wp\/v2\/media?parent=21"}],"curies":[{"name":"wp","href":"https:\/\/api.w.org\/{rel}","templated":true}]}}