{"id":23,"date":"2023-03-30T10:49:29","date_gmt":"2023-03-30T10:49:29","guid":{"rendered":"https:\/\/bobackfbk.fi\/wp\/contact\/"},"modified":"2026-01-15T16:25:34","modified_gmt":"2026-01-15T16:25:34","slug":"yhteystiedot","status":"publish","type":"page","link":"http:\/\/bobackfbk.fi\/fi\/yhteystiedot\/","title":{"rendered":"Yhteystiedot"},"content":{"rendered":"\n\n\n\n<h2>Yhteystiedot<\/h2>\n\n\n\n\n\n<p><strong>Palokunnan p\u00e4\u00e4llikk\u00f6<\/strong><br>Taneli Enqvist<br>Puh: 040 518 0422<br>paallikko@bobackfbk.fi<\/p>\n<p><strong>Palokunnan varap\u00e4\u00e4llikk\u00f6<\/strong><br>Andrea \u00c5berg<br>Puh: 040 725 9966<br>paallikko@bobackfbk.fi<\/p>\n\n<p><strong>Info<\/strong><br>\ninfo@bobackfbk.fi<\/p>\n\n\n\n\n<p><b>Nuoriso-osaston johtaja<\/b><br>\nMaria Selroos<br>\nnuorisojohtaja@bobackfbk.fi<\/p>\n\n<p><strong>Tukiosaston johtaja<\/strong><br>Tina Mustonen<br>tukiosasto@bobackfbk.fi<\/p>\n\n\n<p><strong>Hallituksen puheenjohtaja<\/strong><br>Andrea \u00c5berg<br>Puh: 040 725 9966<br>puheenjohtaja@bobackfbk.fi<\/p>\n<p><b>Hallituksen sihteeri<\/b><br>\nKati Donner<br>\nsihteeri@bobackfbk.fi<\/p>\n\n<p><b>Rahastonhoitaja<\/b><br>\nBengt \u00d6lander<br>\nrahastonhoitaja@bobackfbk.fi<\/p>\n\n\n\n<p><strong>Tilakyselyt<\/strong><br>Minella \u00c5kerlund<br> Puh: 041 749 8772<br> tilat@bobackfbk.fi<\/p>\n\n<p><strong>Turvallisuusviestint\u00e4-tapahtumat<\/strong><br>\ntuvi@bobackfbk.fi<\/p>\n\n<p><strong>AS1 k\u00e4rrykyselyt<\/strong><br>\nas1karry@bobackfbk.fi<\/p>\n\n\n\n\n\n<h6><i><center><b>H\u00e4t\u00e4tilanteissa soita 112<\/b><\/center><\/i><\/h6>\n\n\n\n\n\n\nMasalantie 570\n\n\n\n\n\n\n\n","protected":false},"excerpt":{"rendered":"","protected":false},"author":1,"featured_media":0,"parent":0,"menu_order":0,"comment_status":"closed","ping_status":"closed","template":"","meta":{"pagelayer_contact_templates":[],"_pagelayer_content":"","footnotes":""},"class_list":["post-23","page","type-page","status-publish","hentry"],"yoast_head":"<!-- This site is optimized with the Yoast SEO plugin v25.4 - https:\/\/yoast.com\/wordpress\/plugins\/seo\/ -->\n<title>Yhteystiedot - Bob\u00e4ck FBK Kirkkonummi - Masala - Luoma<\/title>\n<meta name=\"description\" content=\"Palokuntaharrastus on vapaaehtoista ja toiminta edesauttaa yhteist\u00e4 turvallisuuttamme. Meid\u00e4n j\u00e4senillemme palokuntaharrastus on ilmaista ja tarjoamme harrastamiseen tarvittavat varusteet ilmaiseksi k\u00e4ytt\u00f6\u00f6si. Palokunnan j\u00e4senin\u00e4 on paljon eri ik\u00e4isi\u00e4, eri ammateissa toimivia ja erilaisissa el\u00e4m\u00e4ntilanteissa olevia ihmisi\u00e4, mutta meille kaikille on yhteist\u00e4 kiinnostus pelastusalaan.\" \/>\n<meta name=\"robots\" content=\"index, follow, max-snippet:-1, max-image-preview:large, max-video-preview:-1\" \/>\n<link rel=\"canonical\" href=\"https:\/\/bobackfbk.fi\/fi\/yhteystiedot\/\" \/>\n<meta property=\"og:locale\" content=\"fi_FI\" \/>\n<meta property=\"og:type\" content=\"article\" \/>\n<meta property=\"og:title\" content=\"Yhteystiedot - Bob\u00e4ck FBK Kirkkonummi - Masala - Luoma\" \/>\n<meta property=\"og:description\" content=\"Palokuntaharrastus on vapaaehtoista ja toiminta edesauttaa yhteist\u00e4 turvallisuuttamme. Meid\u00e4n j\u00e4senillemme palokuntaharrastus on ilmaista ja tarjoamme harrastamiseen tarvittavat varusteet ilmaiseksi k\u00e4ytt\u00f6\u00f6si. Palokunnan j\u00e4senin\u00e4 on paljon eri ik\u00e4isi\u00e4, eri ammateissa toimivia ja erilaisissa el\u00e4m\u00e4ntilanteissa olevia ihmisi\u00e4, mutta meille kaikille on yhteist\u00e4 kiinnostus pelastusalaan.\" \/>\n<meta property=\"og:url\" content=\"https:\/\/bobackfbk.fi\/fi\/yhteystiedot\/\" \/>\n<meta property=\"og:site_name\" content=\"Bob\u00e4ck FBK\" \/>\n<meta property=\"article:publisher\" content=\"https:\/\/www.facebook.com\/RLU46\" \/>\n<meta property=\"article:modified_time\" content=\"2026-01-15T16:25:34+00:00\" \/>\n<meta name=\"twitter:card\" content=\"summary_large_image\" \/>\n<meta name=\"twitter:label1\" content=\"Arvioitu lukuaika\" \/>\n\t<meta name=\"twitter:data1\" content=\"1 minuutti\" \/>\n<script type=\"application\/ld+json\" class=\"yoast-schema-graph\">{\"@context\":\"https:\/\/schema.org\",\"@graph\":[{\"@type\":\"WebPage\",\"@id\":\"https:\/\/bobackfbk.fi\/fi\/yhteystiedot\/\",\"url\":\"https:\/\/bobackfbk.fi\/fi\/yhteystiedot\/\",\"name\":\"Yhteystiedot - Bob\u00e4ck FBK Kirkkonummi - Masala - Luoma\",\"isPartOf\":{\"@id\":\"https:\/\/bobackfbk.fi\/fi\/#website\"},\"datePublished\":\"2023-03-30T10:49:29+00:00\",\"dateModified\":\"2026-01-15T16:25:34+00:00\",\"description\":\"Palokuntaharrastus on vapaaehtoista ja toiminta edesauttaa yhteist\u00e4 turvallisuuttamme. Meid\u00e4n j\u00e4senillemme palokuntaharrastus on ilmaista ja tarjoamme harrastamiseen tarvittavat varusteet ilmaiseksi k\u00e4ytt\u00f6\u00f6si. Palokunnan j\u00e4senin\u00e4 on paljon eri ik\u00e4isi\u00e4, eri ammateissa toimivia ja erilaisissa el\u00e4m\u00e4ntilanteissa olevia ihmisi\u00e4, mutta meille kaikille on yhteist\u00e4 kiinnostus pelastusalaan.\",\"breadcrumb\":{\"@id\":\"https:\/\/bobackfbk.fi\/fi\/yhteystiedot\/#breadcrumb\"},\"inLanguage\":\"fi\",\"potentialAction\":[{\"@type\":\"ReadAction\",\"target\":[\"https:\/\/bobackfbk.fi\/fi\/yhteystiedot\/\"]}]},{\"@type\":\"BreadcrumbList\",\"@id\":\"https:\/\/bobackfbk.fi\/fi\/yhteystiedot\/#breadcrumb\",\"itemListElement\":[{\"@type\":\"ListItem\",\"position\":1,\"name\":\"Etusivu\",\"item\":\"https:\/\/bobackfbk.fi\/fi\/\"},{\"@type\":\"ListItem\",\"position\":2,\"name\":\"Yhteystiedot\"}]},{\"@type\":\"WebSite\",\"@id\":\"https:\/\/bobackfbk.fi\/fi\/#website\",\"url\":\"https:\/\/bobackfbk.fi\/fi\/\",\"name\":\"Bob\u00e4ck FBK\",\"description\":\"Bob\u00e4ck FBK\",\"publisher\":{\"@id\":\"https:\/\/bobackfbk.fi\/fi\/#organization\"},\"potentialAction\":[{\"@type\":\"SearchAction\",\"target\":{\"@type\":\"EntryPoint\",\"urlTemplate\":\"https:\/\/bobackfbk.fi\/fi\/?s={search_term_string}\"},\"query-input\":{\"@type\":\"PropertyValueSpecification\",\"valueRequired\":true,\"valueName\":\"search_term_string\"}}],\"inLanguage\":\"fi\"},{\"@type\":\"Organization\",\"@id\":\"https:\/\/bobackfbk.fi\/fi\/#organization\",\"name\":\"Bob\u00e4ck FBK\",\"url\":\"https:\/\/bobackfbk.fi\/fi\/\",\"logo\":{\"@type\":\"ImageObject\",\"inLanguage\":\"fi\",\"@id\":\"https:\/\/bobackfbk.fi\/fi\/#\/schema\/logo\/image\/\",\"url\":\"https:\/\/bobackfbk.fi\/wp-content\/uploads\/2023\/04\/logo-latest-version.png\",\"contentUrl\":\"https:\/\/bobackfbk.fi\/wp-content\/uploads\/2023\/04\/logo-latest-version.png\",\"width\":617,\"height\":803,\"caption\":\"Bob\u00e4ck FBK\"},\"image\":{\"@id\":\"https:\/\/bobackfbk.fi\/fi\/#\/schema\/logo\/image\/\"},\"sameAs\":[\"https:\/\/www.facebook.com\/RLU46\",\"https:\/\/www.instagram.com\/bobackfbk\/\"]}]}<\/script>\n<!-- \/ Yoast SEO plugin. -->","yoast_head_json":{"title":"Yhteystiedot - Bob\u00e4ck FBK Kirkkonummi - Masala - Luoma","description":"Palokuntaharrastus on vapaaehtoista ja toiminta edesauttaa yhteist\u00e4 turvallisuuttamme. Meid\u00e4n j\u00e4senillemme palokuntaharrastus on ilmaista ja tarjoamme harrastamiseen tarvittavat varusteet ilmaiseksi k\u00e4ytt\u00f6\u00f6si. Palokunnan j\u00e4senin\u00e4 on paljon eri ik\u00e4isi\u00e4, eri ammateissa toimivia ja erilaisissa el\u00e4m\u00e4ntilanteissa olevia ihmisi\u00e4, mutta meille kaikille on yhteist\u00e4 kiinnostus pelastusalaan.","robots":{"index":"index","follow":"follow","max-snippet":"max-snippet:-1","max-image-preview":"max-image-preview:large","max-video-preview":"max-video-preview:-1"},"canonical":"https:\/\/bobackfbk.fi\/fi\/yhteystiedot\/","og_locale":"fi_FI","og_type":"article","og_title":"Yhteystiedot - Bob\u00e4ck FBK Kirkkonummi - Masala - Luoma","og_description":"Palokuntaharrastus on vapaaehtoista ja toiminta edesauttaa yhteist\u00e4 turvallisuuttamme. Meid\u00e4n j\u00e4senillemme palokuntaharrastus on ilmaista ja tarjoamme harrastamiseen tarvittavat varusteet ilmaiseksi k\u00e4ytt\u00f6\u00f6si. Palokunnan j\u00e4senin\u00e4 on paljon eri ik\u00e4isi\u00e4, eri ammateissa toimivia ja erilaisissa el\u00e4m\u00e4ntilanteissa olevia ihmisi\u00e4, mutta meille kaikille on yhteist\u00e4 kiinnostus pelastusalaan.","og_url":"https:\/\/bobackfbk.fi\/fi\/yhteystiedot\/","og_site_name":"Bob\u00e4ck FBK","article_publisher":"https:\/\/www.facebook.com\/RLU46","article_modified_time":"2026-01-15T16:25:34+00:00","twitter_card":"summary_large_image","twitter_misc":{"Arvioitu lukuaika":"1 minuutti"},"schema":{"@context":"https:\/\/schema.org","@graph":[{"@type":"WebPage","@id":"https:\/\/bobackfbk.fi\/fi\/yhteystiedot\/","url":"https:\/\/bobackfbk.fi\/fi\/yhteystiedot\/","name":"Yhteystiedot - Bob\u00e4ck FBK Kirkkonummi - Masala - Luoma","isPartOf":{"@id":"https:\/\/bobackfbk.fi\/fi\/#website"},"datePublished":"2023-03-30T10:49:29+00:00","dateModified":"2026-01-15T16:25:34+00:00","description":"Palokuntaharrastus on vapaaehtoista ja toiminta edesauttaa yhteist\u00e4 turvallisuuttamme. Meid\u00e4n j\u00e4senillemme palokuntaharrastus on ilmaista ja tarjoamme harrastamiseen tarvittavat varusteet ilmaiseksi k\u00e4ytt\u00f6\u00f6si. Palokunnan j\u00e4senin\u00e4 on paljon eri ik\u00e4isi\u00e4, eri ammateissa toimivia ja erilaisissa el\u00e4m\u00e4ntilanteissa olevia ihmisi\u00e4, mutta meille kaikille on yhteist\u00e4 kiinnostus pelastusalaan.","breadcrumb":{"@id":"https:\/\/bobackfbk.fi\/fi\/yhteystiedot\/#breadcrumb"},"inLanguage":"fi","potentialAction":[{"@type":"ReadAction","target":["https:\/\/bobackfbk.fi\/fi\/yhteystiedot\/"]}]},{"@type":"BreadcrumbList","@id":"https:\/\/bobackfbk.fi\/fi\/yhteystiedot\/#breadcrumb","itemListElement":[{"@type":"ListItem","position":1,"name":"Etusivu","item":"https:\/\/bobackfbk.fi\/fi\/"},{"@type":"ListItem","position":2,"name":"Yhteystiedot"}]},{"@type":"WebSite","@id":"https:\/\/bobackfbk.fi\/fi\/#website","url":"https:\/\/bobackfbk.fi\/fi\/","name":"Bob\u00e4ck FBK","description":"Bob\u00e4ck FBK","publisher":{"@id":"https:\/\/bobackfbk.fi\/fi\/#organization"},"potentialAction":[{"@type":"SearchAction","target":{"@type":"EntryPoint","urlTemplate":"https:\/\/bobackfbk.fi\/fi\/?s={search_term_string}"},"query-input":{"@type":"PropertyValueSpecification","valueRequired":true,"valueName":"search_term_string"}}],"inLanguage":"fi"},{"@type":"Organization","@id":"https:\/\/bobackfbk.fi\/fi\/#organization","name":"Bob\u00e4ck FBK","url":"https:\/\/bobackfbk.fi\/fi\/","logo":{"@type":"ImageObject","inLanguage":"fi","@id":"https:\/\/bobackfbk.fi\/fi\/#\/schema\/logo\/image\/","url":"https:\/\/bobackfbk.fi\/wp-content\/uploads\/2023\/04\/logo-latest-version.png","contentUrl":"https:\/\/bobackfbk.fi\/wp-content\/uploads\/2023\/04\/logo-latest-version.png","width":617,"height":803,"caption":"Bob\u00e4ck FBK"},"image":{"@id":"https:\/\/bobackfbk.fi\/fi\/#\/schema\/logo\/image\/"},"sameAs":["https:\/\/www.facebook.com\/RLU46","https:\/\/www.instagram.com\/bobackfbk\/"]}]}},"_links":{"self":[{"href":"http:\/\/bobackfbk.fi\/fi\/wp-json\/wp\/v2\/pages\/23","targetHints":{"allow":["GET"]}}],"collection":[{"href":"http:\/\/bobackfbk.fi\/fi\/wp-json\/wp\/v2\/pages"}],"about":[{"href":"http:\/\/bobackfbk.fi\/fi\/wp-json\/wp\/v2\/types\/page"}],"author":[{"embeddable":true,"href":"http:\/\/bobackfbk.fi\/fi\/wp-json\/wp\/v2\/users\/1"}],"replies":[{"embeddable":true,"href":"http:\/\/bobackfbk.fi\/fi\/wp-json\/wp\/v2\/comments?post=23"}],"version-history":[{"count":51,"href":"http:\/\/bobackfbk.fi\/fi\/wp-json\/wp\/v2\/pages\/23\/revisions"}],"predecessor-version":[{"id":730,"href":"http:\/\/bobackfbk.fi\/fi\/wp-json\/wp\/v2\/pages\/23\/revisions\/730"}],"wp:attachment":[{"href":"http:\/\/bobackfbk.fi\/fi\/wp-json\/wp\/v2\/media?parent=23"}],"curies":[{"name":"wp","href":"https:\/\/api.w.org\/{rel}","templated":true}]}}