{"id":22,"date":"2023-03-30T10:49:28","date_gmt":"2023-03-30T10:49:28","guid":{"rendered":"https:\/\/bobackfbk.fi\/wp\/about\/"},"modified":"2023-04-19T18:56:55","modified_gmt":"2023-04-19T18:56:55","slug":"historia","status":"publish","type":"page","link":"http:\/\/bobackfbk.fi\/fi\/historia\/","title":{"rendered":"Historia"},"content":{"rendered":"\n\n\n<h2>Historia<\/h2>\n\n\n\n\n\n<p>Bob\u00e4ck FBK r.f.<br><br>\nLuoman kyl\u00e4ss\u00e4 riehuneen tuhoisan rakennuspalon j\u00e4lkeen p\u00e4\u00e4tettiin vuonna 1947 perustaa\nvapaaehtoinen palokunta. Merkitt\u00e4v\u00e4 osa kyl\u00e4st\u00e4 oli pari vuotta aikaisemmin menetetty osana\nPorkkalan vuokra-aluetta. T\u00e4m\u00e4n vuoksi Masalassa ja Jorvaksessa toimineiden palokuntien toiminta\np\u00e4\u00e4ttyi.<br><br>\nInnostus uutta palokuntaa kohtaan oli suuri ja ensimm\u00e4inen maamerkki oli varikkorakennus, jonka\nensimm\u00e4inen osa valmistui vuonna 1950. Varikko rakennettiin vuokratontille, mink\u00e4 palokunta sai ostaa vuonna 1961. Muu varustus oli vaatimatonta ja muodostui aluksi Jorvaksessa k\u00e4ytetyst\u00e4\nmoottoriruiskusta. Palokunnalla ei t\u00e4ss\u00e4 vaiheessa ollut omaa autoa vaan joutui turvautumaan\nlainakalustoon. Kunnan talous oli heikko eik\u00e4 sielt\u00e4 ollut saatavilla isompia avustuksia. Elint\u00e4rke\u00e4\nvarainhankinta hoidettiin ker\u00e4ysten, arpajaisten ja juhlien avulla. Kunnalta saatiin lainaa ja vuonna\n1954 palokunta osti ensimm\u00e4isen autonsa \u2013 Thames-merkkinen kuorma-auto. <br><br>\nPorkkala-alueen palauttaminen vuonna 1956 merkitsi palokuntamme toiminta-alueen merkitt\u00e4v\u00e4\u00e4\nlaajenemista.<br><br>\n1950-luvun lopussa perustettiin sek\u00e4 naisosasto ett\u00e4 poikaosasto (my\u00f6hemmin junioriosasto ja nyt\nnuoriso-osasto). Naisosaston ihailtava panos liittyi varainhankintaan sek\u00e4 muonitukseen suurten\ntulipalojen yhteydess\u00e4. Nuoriso-osaston tarkoitus oli palokunnan jatkuvuuden turvaaminen.<\/p><p><br>\nPalokunnan talous on v\u00e4lill\u00e4 ollut haastava, varsinkin suurempien hankkeiden yhteydess\u00e4.\nPaloaseman laajentamiset sek\u00e4 upouuden modernin paloauton hankkiminen vuonna 1967 ovat\nolleet vaativia mutta samalla toimintaa pirist\u00e4vi\u00e4. Palokunnan k\u00e4ytt\u00e4mien autojen hankinnat sek\u00e4 niihin liittyv\u00e4t kustannukset hoidetaan nyky\u00e4\u00e4n\nPelastuslaitoksen toimesta ja siksi eiv\u00e4t rasita palokunnan taloutta. <br><br>\nToiminta oli hyvin kuntakohtaista siihen asti kun alueelliset pelastuslaitokset perustettiin 2000-luvun\nalussa. Kirkkonummi oli pitk\u00e4\u00e4n t\u00e4ysin riippuvainen kunnan alueella toimivista vapaaehtoisista\npalokunnista. Kirkkonummelaiset palokunnat siirtyiv\u00e4t ensin Espoon Kaupungin palolaitokseen ja\nvuonna 2008 solmittiin yhteisty\u00f6sopimus L\u00e4nsi-Uudenmaan Pelastuslaitoksen (LUP) kanssa.\nKuntarajat h\u00e4visiv\u00e4t ja Kirkkonummella tapahtuviin vaaratilanteisiin l\u00f6ytyi enemm\u00e4n\npelastusresursseja.<br><br>\nNyky\u00e4\u00e4n puhutaan sopimuspalokunnista. Sopimukset ovat palokuntakohtaisia ja sis\u00e4lt\u00e4v\u00e4t tarkat\nehdot osaamisesta ja luotettavuudesta. Miehist\u00f6n j\u00e4seniin kohdistuu vuosi vuodelta tiukempia\nvaatimuksia.\n<\/p>\n\n\n","protected":false},"excerpt":{"rendered":"","protected":false},"author":1,"featured_media":0,"parent":0,"menu_order":0,"comment_status":"closed","ping_status":"closed","template":"","meta":{"pagelayer_contact_templates":[],"_pagelayer_content":"","footnotes":""},"class_list":["post-22","page","type-page","status-publish","hentry"],"yoast_head":"<!-- This site is optimized with the Yoast SEO plugin v25.4 - https:\/\/yoast.com\/wordpress\/plugins\/seo\/ -->\n<title>Historia - Bob\u00e4ck FBK<\/title>\n<meta name=\"robots\" content=\"index, follow, max-snippet:-1, max-image-preview:large, max-video-preview:-1\" \/>\n<link rel=\"canonical\" href=\"https:\/\/bobackfbk.fi\/fi\/historia\/\" \/>\n<meta property=\"og:locale\" content=\"fi_FI\" \/>\n<meta property=\"og:type\" content=\"article\" \/>\n<meta property=\"og:title\" content=\"Historia - Bob\u00e4ck FBK\" \/>\n<meta property=\"og:url\" content=\"https:\/\/bobackfbk.fi\/fi\/historia\/\" \/>\n<meta property=\"og:site_name\" content=\"Bob\u00e4ck FBK\" \/>\n<meta property=\"article:publisher\" content=\"https:\/\/www.facebook.com\/RLU46\" \/>\n<meta property=\"article:modified_time\" content=\"2023-04-19T18:56:55+00:00\" \/>\n<meta name=\"twitter:card\" content=\"summary_large_image\" \/>\n<meta name=\"twitter:label1\" content=\"Arvioitu lukuaika\" \/>\n\t<meta name=\"twitter:data1\" content=\"1 minuutti\" \/>\n<script type=\"application\/ld+json\" class=\"yoast-schema-graph\">{\"@context\":\"https:\/\/schema.org\",\"@graph\":[{\"@type\":\"WebPage\",\"@id\":\"https:\/\/bobackfbk.fi\/fi\/historia\/\",\"url\":\"https:\/\/bobackfbk.fi\/fi\/historia\/\",\"name\":\"Historia - Bob\u00e4ck FBK\",\"isPartOf\":{\"@id\":\"https:\/\/bobackfbk.fi\/fi\/#website\"},\"datePublished\":\"2023-03-30T10:49:28+00:00\",\"dateModified\":\"2023-04-19T18:56:55+00:00\",\"breadcrumb\":{\"@id\":\"https:\/\/bobackfbk.fi\/fi\/historia\/#breadcrumb\"},\"inLanguage\":\"fi\",\"potentialAction\":[{\"@type\":\"ReadAction\",\"target\":[\"https:\/\/bobackfbk.fi\/fi\/historia\/\"]}]},{\"@type\":\"BreadcrumbList\",\"@id\":\"https:\/\/bobackfbk.fi\/fi\/historia\/#breadcrumb\",\"itemListElement\":[{\"@type\":\"ListItem\",\"position\":1,\"name\":\"Etusivu\",\"item\":\"https:\/\/bobackfbk.fi\/fi\/\"},{\"@type\":\"ListItem\",\"position\":2,\"name\":\"Historia\"}]},{\"@type\":\"WebSite\",\"@id\":\"https:\/\/bobackfbk.fi\/fi\/#website\",\"url\":\"https:\/\/bobackfbk.fi\/fi\/\",\"name\":\"Bob\u00e4ck FBK\",\"description\":\"Bob\u00e4ck FBK\",\"publisher\":{\"@id\":\"https:\/\/bobackfbk.fi\/fi\/#organization\"},\"potentialAction\":[{\"@type\":\"SearchAction\",\"target\":{\"@type\":\"EntryPoint\",\"urlTemplate\":\"https:\/\/bobackfbk.fi\/fi\/?s={search_term_string}\"},\"query-input\":{\"@type\":\"PropertyValueSpecification\",\"valueRequired\":true,\"valueName\":\"search_term_string\"}}],\"inLanguage\":\"fi\"},{\"@type\":\"Organization\",\"@id\":\"https:\/\/bobackfbk.fi\/fi\/#organization\",\"name\":\"Bob\u00e4ck FBK\",\"url\":\"https:\/\/bobackfbk.fi\/fi\/\",\"logo\":{\"@type\":\"ImageObject\",\"inLanguage\":\"fi\",\"@id\":\"https:\/\/bobackfbk.fi\/fi\/#\/schema\/logo\/image\/\",\"url\":\"https:\/\/bobackfbk.fi\/wp-content\/uploads\/2023\/04\/logo-latest-version.png\",\"contentUrl\":\"https:\/\/bobackfbk.fi\/wp-content\/uploads\/2023\/04\/logo-latest-version.png\",\"width\":617,\"height\":803,\"caption\":\"Bob\u00e4ck FBK\"},\"image\":{\"@id\":\"https:\/\/bobackfbk.fi\/fi\/#\/schema\/logo\/image\/\"},\"sameAs\":[\"https:\/\/www.facebook.com\/RLU46\",\"https:\/\/www.instagram.com\/bobackfbk\/\"]}]}<\/script>\n<!-- \/ Yoast SEO plugin. -->","yoast_head_json":{"title":"Historia - Bob\u00e4ck FBK","robots":{"index":"index","follow":"follow","max-snippet":"max-snippet:-1","max-image-preview":"max-image-preview:large","max-video-preview":"max-video-preview:-1"},"canonical":"https:\/\/bobackfbk.fi\/fi\/historia\/","og_locale":"fi_FI","og_type":"article","og_title":"Historia - Bob\u00e4ck FBK","og_url":"https:\/\/bobackfbk.fi\/fi\/historia\/","og_site_name":"Bob\u00e4ck FBK","article_publisher":"https:\/\/www.facebook.com\/RLU46","article_modified_time":"2023-04-19T18:56:55+00:00","twitter_card":"summary_large_image","twitter_misc":{"Arvioitu lukuaika":"1 minuutti"},"schema":{"@context":"https:\/\/schema.org","@graph":[{"@type":"WebPage","@id":"https:\/\/bobackfbk.fi\/fi\/historia\/","url":"https:\/\/bobackfbk.fi\/fi\/historia\/","name":"Historia - Bob\u00e4ck FBK","isPartOf":{"@id":"https:\/\/bobackfbk.fi\/fi\/#website"},"datePublished":"2023-03-30T10:49:28+00:00","dateModified":"2023-04-19T18:56:55+00:00","breadcrumb":{"@id":"https:\/\/bobackfbk.fi\/fi\/historia\/#breadcrumb"},"inLanguage":"fi","potentialAction":[{"@type":"ReadAction","target":["https:\/\/bobackfbk.fi\/fi\/historia\/"]}]},{"@type":"BreadcrumbList","@id":"https:\/\/bobackfbk.fi\/fi\/historia\/#breadcrumb","itemListElement":[{"@type":"ListItem","position":1,"name":"Etusivu","item":"https:\/\/bobackfbk.fi\/fi\/"},{"@type":"ListItem","position":2,"name":"Historia"}]},{"@type":"WebSite","@id":"https:\/\/bobackfbk.fi\/fi\/#website","url":"https:\/\/bobackfbk.fi\/fi\/","name":"Bob\u00e4ck FBK","description":"Bob\u00e4ck FBK","publisher":{"@id":"https:\/\/bobackfbk.fi\/fi\/#organization"},"potentialAction":[{"@type":"SearchAction","target":{"@type":"EntryPoint","urlTemplate":"https:\/\/bobackfbk.fi\/fi\/?s={search_term_string}"},"query-input":{"@type":"PropertyValueSpecification","valueRequired":true,"valueName":"search_term_string"}}],"inLanguage":"fi"},{"@type":"Organization","@id":"https:\/\/bobackfbk.fi\/fi\/#organization","name":"Bob\u00e4ck FBK","url":"https:\/\/bobackfbk.fi\/fi\/","logo":{"@type":"ImageObject","inLanguage":"fi","@id":"https:\/\/bobackfbk.fi\/fi\/#\/schema\/logo\/image\/","url":"https:\/\/bobackfbk.fi\/wp-content\/uploads\/2023\/04\/logo-latest-version.png","contentUrl":"https:\/\/bobackfbk.fi\/wp-content\/uploads\/2023\/04\/logo-latest-version.png","width":617,"height":803,"caption":"Bob\u00e4ck FBK"},"image":{"@id":"https:\/\/bobackfbk.fi\/fi\/#\/schema\/logo\/image\/"},"sameAs":["https:\/\/www.facebook.com\/RLU46","https:\/\/www.instagram.com\/bobackfbk\/"]}]}},"_links":{"self":[{"href":"http:\/\/bobackfbk.fi\/fi\/wp-json\/wp\/v2\/pages\/22","targetHints":{"allow":["GET"]}}],"collection":[{"href":"http:\/\/bobackfbk.fi\/fi\/wp-json\/wp\/v2\/pages"}],"about":[{"href":"http:\/\/bobackfbk.fi\/fi\/wp-json\/wp\/v2\/types\/page"}],"author":[{"embeddable":true,"href":"http:\/\/bobackfbk.fi\/fi\/wp-json\/wp\/v2\/users\/1"}],"replies":[{"embeddable":true,"href":"http:\/\/bobackfbk.fi\/fi\/wp-json\/wp\/v2\/comments?post=22"}],"version-history":[{"count":8,"href":"http:\/\/bobackfbk.fi\/fi\/wp-json\/wp\/v2\/pages\/22\/revisions"}],"predecessor-version":[{"id":623,"href":"http:\/\/bobackfbk.fi\/fi\/wp-json\/wp\/v2\/pages\/22\/revisions\/623"}],"wp:attachment":[{"href":"http:\/\/bobackfbk.fi\/fi\/wp-json\/wp\/v2\/media?parent=22"}],"curies":[{"name":"wp","href":"https:\/\/api.w.org\/{rel}","templated":true}]}}